{"id":1523,"date":"2023-07-10T14:47:04","date_gmt":"2023-07-10T14:47:04","guid":{"rendered":"https:\/\/suptuottajat.fi\/?page_id=1523"},"modified":"2025-02-05T15:51:31","modified_gmt":"2025-02-05T13:51:31","slug":"ilmapallot","status":"publish","type":"page","link":"https:\/\/suptuottajat.fi\/en\/yrityksille\/ilmapallot\/","title":{"rendered":"Balloons"},"content":{"rendered":"<div data-elementor-type=\"wp-page\" data-elementor-id=\"1523\" class=\"elementor elementor-1523\" data-elementor-post-type=\"page\">\n\t\t\t\t<div class=\"elementor-element elementor-element-c0926b5 e-flex e-con-boxed e-con e-parent\" data-id=\"c0926b5\" data-element_type=\"container\" data-e-type=\"container\" data-settings=\"{&quot;background_background&quot;:&quot;classic&quot;,&quot;jet_parallax_layout_list&quot;:[]}\">\n\t\t\t\t\t<div class=\"e-con-inner\">\n\t\t\t\t<div class=\"elementor-element elementor-element-f804719 elementor-widget elementor-widget-heading\" data-id=\"f804719\" data-element_type=\"widget\" data-e-type=\"widget\" data-widget_type=\"heading.default\">\n\t\t\t\t<div class=\"elementor-widget-container\">\n\t\t\t\t\t<h2 class=\"elementor-heading-title elementor-size-default\">Balloons<\/h2>\t\t\t\t<\/div>\n\t\t\t\t<\/div>\n\t\t\t\t\t<\/div>\n\t\t\t\t<\/div>\n\t\t<div class=\"elementor-element elementor-element-61c3e18 e-flex e-con-boxed e-con e-parent\" data-id=\"61c3e18\" data-element_type=\"container\" data-e-type=\"container\" data-settings=\"{&quot;jet_parallax_layout_list&quot;:[]}\">\n\t\t\t\t\t<div class=\"e-con-inner\">\n\t\t<div class=\"elementor-element elementor-element-cfaafec e-con-full e-flex e-con e-child\" data-id=\"cfaafec\" data-element_type=\"container\" data-e-type=\"container\" data-settings=\"{&quot;jet_parallax_layout_list&quot;:[]}\">\n\t\t\t\t<div class=\"elementor-element elementor-element-6c612aa elementor-widget elementor-widget-jet-breadcrumbs\" data-id=\"6c612aa\" data-element_type=\"widget\" data-e-type=\"widget\" data-widget_type=\"jet-breadcrumbs.default\">\n\t\t\t\t<div class=\"elementor-widget-container\">\n\t\t\t\t\t<div class=\"elementor-jet-breadcrumbs jet-blocks\">\n\t\t<div class=\"jet-breadcrumbs\">\n\t\t<div class=\"jet-breadcrumbs__content\">\n\t\t<div class=\"jet-breadcrumbs__wrap\"><div class=\"jet-breadcrumbs__item\"><a href=\"https:\/\/suptuottajat.fi\/en\/\" class=\"jet-breadcrumbs__item-link is-home\" rel=\"home\" title=\"Etusivu\">Etusivu<\/a><\/div>\n\t\t<\/div>\n\t\t<\/div>\n\t\t<\/div><\/div>\t\t\t\t<\/div>\n\t\t\t\t<\/div>\n\t\t\t\t<div class=\"elementor-element elementor-element-e424660 elementor-widget elementor-widget-heading\" data-id=\"e424660\" data-element_type=\"widget\" data-e-type=\"widget\" data-widget_type=\"heading.default\">\n\t\t\t\t<div class=\"elementor-widget-container\">\n\t\t\t\t\t<h2 class=\"elementor-heading-title elementor-size-default\">Balloons<\/h2>\t\t\t\t<\/div>\n\t\t\t\t<\/div>\n\t\t\t\t<div class=\"elementor-element elementor-element-7996c75 elementor-widget elementor-widget-text-editor\" data-id=\"7996c75\" data-element_type=\"widget\" data-e-type=\"widget\" data-widget_type=\"text-editor.default\">\n\t\t\t\t<div class=\"elementor-widget-container\">\n\t\t\t\t\t\t\t\t\t<p>Tuottajavastuu koskee myyntitavasta riippumatta kertak\u00e4ytt\u00f6isiin muovituotteisiin kuuluvia kuluttajak\u00e4ytt\u00f6\u00f6n tarkoitettuja ilmapalloja, joiden tuottajana pidet\u00e4\u00e4n tuotteen valmistajaa tai maahantuojaa. Tuottajan kustannusvastuuta sovelletaan kertak\u00e4ytt\u00f6isiin muovituotteisiin kuuluvien ilmapallojen tuottajaan 1 p\u00e4iv\u00e4st\u00e4 tammikuuta 2025.<\/p><p><span style=\"text-align: var(--text-align);\">Kertak\u00e4ytt\u00f6isiin muovituotteisiin kuuluvien ilmapallojen tuottajien on vastattava kustannuksista, jotka koituvat kunnalle kyseisist\u00e4 tuotteista aiheutuvan roskaantumisen siivoamisesta ja siivottujen roskien kuljetuksesta ja k\u00e4sittelyst\u00e4. Vuonna 2025 ilmapallojen tuottajien maksettavaksi ei tule kuitenkaan kyseisi\u00e4 kustannuksia. T\u00e4m\u00e4 perustuu toteutettuun koostumusselvitykseen.\u00a0<\/span><\/p><p><span style=\"text-align: var(--text-align);\">Tuottajien on lis\u00e4ksi tiedotettava ja neuvottava j\u00e4tteen m\u00e4\u00e4r\u00e4n ja haitallisuuden v\u00e4hent\u00e4mist\u00e4, roskaantumisen vaikutuksista ja ehk\u00e4isemisest\u00e4 sek\u00e4 tarpeen mukaan k\u00e4yt\u00f6ss\u00e4 olevista uudelleenk\u00e4ytett\u00e4vist\u00e4 vaihtoehdoista tuotteelle. Tuottajien on tarvittaessa j\u00e4rjestett\u00e4v\u00e4 tiedottaminen ja neuvonta yhdess\u00e4 kunnan ja muiden j\u00e4tehuollon toimijoiden kanssa.<br \/><br \/><\/span><\/p><h4><strong>Mit\u00e4 ilmapalloilla tarkoitetaan SUP-direktiiviss\u00e4?<\/strong><\/h4><p>SUP-direktiivin soveltamisalaan kuuluvien ilmapallojen yksil\u00f6imiseksi voidaan m\u00e4\u00e4ritt\u00e4\u00e4 seuraavat yleiset ominaisuudet:<\/p><ul><li><strong>Ilmapallolla<\/strong> tarkoitetaan tavallisesti kevyest\u00e4 materiaalista valmistettua muuta kuin huokoista pussia, joka on tarkoitettu t\u00e4ytett\u00e4v\u00e4ksi ilmalla tai kaasulla.<\/li><li><strong>Ilmapallon varsi<\/strong>: direktiivin liitteess\u00e4 olevan B osan 6 kohdan mukaiset ilmapalloihin kiinnitett\u00e4v\u00e4t ja niit\u00e4 tukevat varret kuuluvat my\u00f6s direktiivin piiriin.<\/li><li><strong>Lateksiset<\/strong> ilmapallot kuuluvat direktiivin soveltamisalaan, koska lateksia ei voida pit\u00e4\u00e4 luonnollisena kemiallisesti muuntamattomana polymeerin\u00e4.<br \/><br \/><\/li><\/ul><p>Seuraavat tuotesuunnitteluominaisuudet auttavat m\u00e4\u00e4rittelem\u00e4\u00e4n kertak\u00e4ytt\u00f6iset ilmapallot ja ilmapallojen varret direktiivin tarkoituksia varten:<\/p><p><strong>Tiivisteet, venttiilit ja sulkemismekanismit<\/strong><\/p><ul><li>Ilmapallojen, joista puuttuu sellainen venttiili tai tiiviste, joka mahdollistaa useita t\u00e4ytt\u00f6- ja tyhjennyskertoja, katsotaan olevan kertak\u00e4ytt\u00f6isi\u00e4.<\/li><li>Sellaisten ilmapallojen, jotka vaativat kaulaan solmittavan solmun, nauhan tai rusetin, jolla estet\u00e4\u00e4n ilman pakeneminen ilmapallosta, laatu heikkenee solmujen avaamisen ja uudelleensolmimisen vuoksi. Sen vuoksi niiden katsotaan olevan kertak\u00e4ytt\u00f6isi\u00e4.<\/li><\/ul><p><strong>Uudelleent\u00e4ytett\u00e4vyys<\/strong><\/p><ul><li>Ilmapalloja, jotka ostetaan valmiiksi ilmalla tai heliumilla t\u00e4ytettyin\u00e4, pidet\u00e4\u00e4n kertak\u00e4ytt\u00f6isin\u00e4, sill\u00e4 asiakas ei pysty t\u00e4ytt\u00e4m\u00e4\u00e4n niit\u00e4 uudelleen. My\u00f6s itsest\u00e4\u00e4n t\u00e4yttyv\u00e4t ilmapallot (joissa on kiinte\u00e4 t\u00e4ytt\u00f6mekanismi) katsotaan kertak\u00e4ytt\u00f6isiksi.<\/li><\/ul><p>\u00a0<\/p><p>Ilmapalloja, jotka on suunniteltu t\u00e4ytett\u00e4viksi ja tyhjennett\u00e4viksi suljettavan (uudelleensuljettavan) venttiilin avulla ja joiden laatu tai toiminnallisuus ei heikkene k\u00e4ytt\u00f6kertojen my\u00f6t\u00e4, pidet\u00e4\u00e4n useaan kertaan k\u00e4ytett\u00e4vin\u00e4.<\/p>\t\t\t\t\t\t\t\t<\/div>\n\t\t\t\t<\/div>\n\t\t\t\t<\/div>\n\t\t<div class=\"elementor-element elementor-element-244c7ec e-con-full e-flex e-con e-child\" data-id=\"244c7ec\" data-element_type=\"container\" data-e-type=\"container\" data-settings=\"{&quot;jet_parallax_layout_list&quot;:[]}\">\n\t\t\t\t<div class=\"elementor-element elementor-element-f73662d elementor-widget elementor-widget-image\" data-id=\"f73662d\" data-element_type=\"widget\" data-e-type=\"widget\" data-widget_type=\"image.default\">\n\t\t\t\t<div class=\"elementor-widget-container\">\n\t\t\t\t\t\t\t\t\t\t\t\t\t\t\t<img fetchpriority=\"high\" decoding=\"async\" width=\"695\" height=\"1000\" src=\"https:\/\/suptuottajat.fi\/wp-content\/uploads\/2023\/11\/Ilmapalloja6c.jpg\" class=\"attachment-large size-large wp-image-4000\" alt=\"\" srcset=\"https:\/\/suptuottajat.fi\/wp-content\/uploads\/2023\/11\/Ilmapalloja6c.jpg 695w, https:\/\/suptuottajat.fi\/wp-content\/uploads\/2023\/11\/Ilmapalloja6c-209x300.jpg 209w, https:\/\/suptuottajat.fi\/wp-content\/uploads\/2023\/11\/Ilmapalloja6c-8x12.jpg 8w\" sizes=\"(max-width: 695px) 100vw, 695px\" \/>\t\t\t\t\t\t\t\t\t\t\t\t\t\t\t<\/div>\n\t\t\t\t<\/div>\n\t\t\t\t<\/div>\n\t\t\t\t\t<\/div>\n\t\t\t\t<\/div>\n\t\t<div class=\"elementor-element elementor-element-e12c340 e-flex e-con-boxed e-con e-parent\" data-id=\"e12c340\" data-element_type=\"container\" data-e-type=\"container\" data-settings=\"{&quot;jet_parallax_layout_list&quot;:[]}\">\n\t\t\t\t\t<div class=\"e-con-inner\">\n\t\t<div class=\"elementor-element elementor-element-f75dea3 e-con-full e-flex e-con e-child\" data-id=\"f75dea3\" data-element_type=\"container\" data-e-type=\"container\" data-settings=\"{&quot;jet_parallax_layout_list&quot;:[]}\">\n\t\t\t\t<div class=\"elementor-element elementor-element-f28fcd3 elementor-mobile-align-center elementor-widget elementor-widget-button\" data-id=\"f28fcd3\" data-element_type=\"widget\" data-e-type=\"widget\" data-widget_type=\"button.default\">\n\t\t\t\t<div class=\"elementor-widget-container\">\n\t\t\t\t\t\t\t\t\t<div class=\"elementor-button-wrapper\">\n\t\t\t\t\t<a class=\"elementor-button elementor-button-link elementor-size-sm\" href=\"\/en\/yrityksille\/#mista-sup-tuotteista-vastaamme-tab\">\n\t\t\t\t\t\t<span class=\"elementor-button-content-wrapper\">\n\t\t\t\t\t\t\t\t\t<span class=\"elementor-button-text\">Back<\/span>\n\t\t\t\t\t<\/span>\n\t\t\t\t\t<\/a>\n\t\t\t\t<\/div>\n\t\t\t\t\t\t\t\t<\/div>\n\t\t\t\t<\/div>\n\t\t\t\t<\/div>\n\t\t<div class=\"elementor-element elementor-element-096fccb e-con-full e-flex e-con e-child\" data-id=\"096fccb\" data-element_type=\"container\" data-e-type=\"container\" data-settings=\"{&quot;jet_parallax_layout_list&quot;:[]}\">\n\t\t\t\t<\/div>\n\t\t\t\t\t<\/div>\n\t\t\t\t<\/div>\n\t\t<div class=\"elementor-element elementor-element-ec106e2 e-con-full elementor-hidden-desktop elementor-hidden-tablet elementor-hidden-mobile e-flex e-con e-parent\" data-id=\"ec106e2\" data-element_type=\"container\" data-e-type=\"container\" data-settings=\"{&quot;jet_parallax_layout_list&quot;:[]}\">\n\t\t\t\t<div class=\"elementor-element elementor-element-46d5135 elementor-widget elementor-widget-template\" data-id=\"46d5135\" data-element_type=\"widget\" data-e-type=\"widget\" data-widget_type=\"template.default\">\n\t\t\t\t<div class=\"elementor-widget-container\">\n\t\t\t\t\t\t\t<div class=\"elementor-template\">\n\t\t\t\t\t<div data-elementor-type=\"container\" data-elementor-id=\"1690\" class=\"elementor elementor-1690\" data-elementor-post-type=\"elementor_library\">\n\t\t\t\t<div class=\"elementor-element elementor-element-397a4472 e-flex e-con-boxed e-con e-parent\" data-id=\"397a4472\" data-element_type=\"container\" data-e-type=\"container\" data-settings=\"{&quot;jet_parallax_layout_list&quot;:[]}\">\n\t\t\t\t\t<div class=\"e-con-inner\">\n\t\t<div class=\"elementor-element elementor-element-7cd8ea9a e-flex e-con-boxed e-con e-parent\" data-id=\"7cd8ea9a\" data-element_type=\"container\" data-e-type=\"container\" data-settings=\"{&quot;background_background&quot;:&quot;gradient&quot;,&quot;jet_parallax_layout_list&quot;:[]}\">\n\t\t\t\t\t<div class=\"e-con-inner\">\n\t\t<div class=\"elementor-element elementor-element-5e7c77dd e-con-full e-flex e-con e-parent\" data-id=\"5e7c77dd\" data-element_type=\"container\" data-e-type=\"container\" data-settings=\"{&quot;jet_parallax_layout_list&quot;:[]}\">\n\t\t\t\t<div class=\"elementor-element elementor-element-f45f033 elementor-widget elementor-widget-heading\" data-id=\"f45f033\" data-element_type=\"widget\" data-e-type=\"widget\" data-widget_type=\"heading.default\">\n\t\t\t\t<div class=\"elementor-widget-container\">\n\t\t\t\t\t<h2 class=\"elementor-heading-title elementor-size-default\">Tietoa Toiminnasta &amp; Mission Ja Tavoitteet<\/h2>\t\t\t\t<\/div>\n\t\t\t\t<\/div>\n\t\t\t\t<div class=\"elementor-element elementor-element-7c0065b0 elementor-widget elementor-widget-text-editor\" data-id=\"7c0065b0\" data-element_type=\"widget\" data-e-type=\"widget\" data-widget_type=\"text-editor.default\">\n\t\t\t\t<div class=\"elementor-widget-container\">\n\t\t\t\t\t\t\t\t\t<p>Volutpat consequat mauris nunc congue nisi vitae. Egestas congue quisque egestas diam in arcu cursus.<\/p><ol><li>At erat pellentesque adipiscing commodo elit at imperdiet dui accumsan. Enim sed faucibus turpis in eu mi bibendum neque.<br \/><br \/><\/li><li>At erat pellentesque adipiscing commodo elit at imperdiet dui accumsan. Enim sed faucibus turpis in eu mi bibendum neque.<br \/><br \/><\/li><li>At erat pellentesque adipiscing commodo elit at imperdiet dui accumsan. Enim sed faucibus turpis in eu mi bibendum neque.<\/li><\/ol>\t\t\t\t\t\t\t\t<\/div>\n\t\t\t\t<\/div>\n\t\t\t\t<\/div>\n\t\t<div class=\"elementor-element elementor-element-2a7e6272 e-con-full e-flex e-con e-parent\" data-id=\"2a7e6272\" data-element_type=\"container\" data-e-type=\"container\" data-settings=\"{&quot;jet_parallax_layout_list&quot;:[]}\">\n\t\t\t\t<div class=\"elementor-element elementor-element-253b251a elementor-widget elementor-widget-image\" data-id=\"253b251a\" data-element_type=\"widget\" data-e-type=\"widget\" data-widget_type=\"image.default\">\n\t\t\t\t<div class=\"elementor-widget-container\">\n\t\t\t\t\t\t\t\t\t\t\t\t\t\t\t<img decoding=\"async\" width=\"433\" height=\"473\" src=\"https:\/\/suptuottajat.fi\/wp-content\/uploads\/2023\/07\/Group-1862.png\" class=\"attachment-full size-full wp-image-1568\" alt=\"\" srcset=\"https:\/\/suptuottajat.fi\/wp-content\/uploads\/2023\/07\/Group-1862.png 433w, https:\/\/suptuottajat.fi\/wp-content\/uploads\/2023\/07\/Group-1862-275x300.png 275w\" sizes=\"(max-width: 433px) 100vw, 433px\" \/>\t\t\t\t\t\t\t\t\t\t\t\t\t\t\t<\/div>\n\t\t\t\t<\/div>\n\t\t\t\t<\/div>\n\t\t\t\t\t<\/div>\n\t\t\t\t<\/div>\n\t\t\t\t\t<\/div>\n\t\t\t\t<\/div>\n\t\t\t\t<\/div>\n\t\t\t\t<\/div>\n\t\t\t\t\t\t<\/div>\n\t\t\t\t<\/div>\n\t\t\t\t<\/div>\n\t\t<div class=\"elementor-element elementor-element-55d19c2 elementor-hidden-desktop elementor-hidden-tablet elementor-hidden-mobile e-flex e-con-boxed e-con e-parent\" data-id=\"55d19c2\" data-element_type=\"container\" data-e-type=\"container\" data-settings=\"{&quot;jet_parallax_layout_list&quot;:[]}\">\n\t\t\t\t\t<div class=\"e-con-inner\">\n\t\t\t\t<div class=\"elementor-element elementor-element-079adfb elementor-widget elementor-widget-template\" data-id=\"079adfb\" data-element_type=\"widget\" data-e-type=\"widget\" data-widget_type=\"template.default\">\n\t\t\t\t<div class=\"elementor-widget-container\">\n\t\t\t\t\t\t\t<div class=\"elementor-template\">\n\t\t\t\t\t<div data-elementor-type=\"container\" data-elementor-id=\"1681\" class=\"elementor elementor-1681\" data-elementor-post-type=\"elementor_library\">\n\t\t\t\t<div class=\"elementor-element elementor-element-3fc8bc9b e-flex e-con-boxed e-con e-parent\" data-id=\"3fc8bc9b\" data-element_type=\"container\" data-e-type=\"container\" data-settings=\"{&quot;jet_parallax_layout_list&quot;:[]}\">\n\t\t\t\t\t<div class=\"e-con-inner\">\n\t\t\t\t<div class=\"elementor-element elementor-element-c9cad75 elementor-widget elementor-widget-heading\" data-id=\"c9cad75\" data-element_type=\"widget\" data-e-type=\"widget\" data-widget_type=\"heading.default\">\n\t\t\t\t<div class=\"elementor-widget-container\">\n\t\t\t\t\t<h2 class=\"elementor-heading-title elementor-size-default\">Linkkej\u00e4<\/h2>\t\t\t\t<\/div>\n\t\t\t\t<\/div>\n\t\t<div class=\"elementor-element elementor-element-4327e068 e-flex e-con-boxed e-con e-parent\" data-id=\"4327e068\" data-element_type=\"container\" data-e-type=\"container\" data-settings=\"{&quot;jet_parallax_layout_list&quot;:[]}\">\n\t\t\t\t\t<div class=\"e-con-inner\">\n\t\t<div class=\"elementor-element elementor-element-2c337544 e-con-full e-flex e-con e-parent\" data-id=\"2c337544\" data-element_type=\"container\" data-e-type=\"container\" data-settings=\"{&quot;jet_parallax_layout_list&quot;:[]}\">\n\t\t\t\t<div class=\"elementor-element elementor-element-6492b822 elementor-icon-list--layout-traditional elementor-list-item-link-full_width elementor-widget elementor-widget-icon-list\" data-id=\"6492b822\" data-element_type=\"widget\" data-e-type=\"widget\" data-widget_type=\"icon-list.default\">\n\t\t\t\t<div class=\"elementor-widget-container\">\n\t\t\t\t\t\t\t<ul class=\"elementor-icon-list-items\">\n\t\t\t\t\t\t\t<li class=\"elementor-icon-list-item\">\n\t\t\t\t\t\t\t\t\t\t\t<span class=\"elementor-icon-list-icon\">\n\t\t\t\t\t\t\t<svg xmlns=\"http:\/\/www.w3.org\/2000\/svg\" width=\"63.889\" height=\"8.479\" viewbox=\"0 0 63.889 8.479\"><path id=\"Path_916\" data-name=\"Path 916\" d=\"M428.52,3704.35a.492.492,0,0,0,0-.7l-3.182-3.19a.51.51,0,0,0-.707,0,.5.5,0,0,0,0,.71l2.829,2.83-2.829,2.83a.5.5,0,0,0,0,.71.51.51,0,0,0,.707,0Zm-62.743-.35,62.39.5v-1l-62.39-.5Z\" transform=\"translate(-365.277 -3699.761)\" fill=\"#0083df\" stroke=\"#0083df\" stroke-width=\"1\"><\/path><\/svg>\t\t\t\t\t\t<\/span>\n\t\t\t\t\t\t\t\t\t\t<span class=\"elementor-icon-list-text\">Lorem ipsum dolor sit amet, consectetur adipiscing elit,<\/span>\n\t\t\t\t\t\t\t\t\t<\/li>\n\t\t\t\t\t\t\t\t<li class=\"elementor-icon-list-item\">\n\t\t\t\t\t\t\t\t\t\t\t<span class=\"elementor-icon-list-icon\">\n\t\t\t\t\t\t\t<svg xmlns=\"http:\/\/www.w3.org\/2000\/svg\" width=\"63.889\" height=\"8.479\" viewbox=\"0 0 63.889 8.479\"><path id=\"Path_916\" data-name=\"Path 916\" d=\"M428.52,3704.35a.492.492,0,0,0,0-.7l-3.182-3.19a.51.51,0,0,0-.707,0,.5.5,0,0,0,0,.71l2.829,2.83-2.829,2.83a.5.5,0,0,0,0,.71.51.51,0,0,0,.707,0Zm-62.743-.35,62.39.5v-1l-62.39-.5Z\" transform=\"translate(-365.277 -3699.761)\" fill=\"#0083df\" stroke=\"#0083df\" stroke-width=\"1\"><\/path><\/svg>\t\t\t\t\t\t<\/span>\n\t\t\t\t\t\t\t\t\t\t<span class=\"elementor-icon-list-text\">Lorem ipsum dolor sit amet, consectetur adipiscing elit,<\/span>\n\t\t\t\t\t\t\t\t\t<\/li>\n\t\t\t\t\t\t\t\t<li class=\"elementor-icon-list-item\">\n\t\t\t\t\t\t\t\t\t\t\t<span class=\"elementor-icon-list-icon\">\n\t\t\t\t\t\t\t<svg xmlns=\"http:\/\/www.w3.org\/2000\/svg\" width=\"63.889\" height=\"8.479\" viewbox=\"0 0 63.889 8.479\"><path id=\"Path_916\" data-name=\"Path 916\" d=\"M428.52,3704.35a.492.492,0,0,0,0-.7l-3.182-3.19a.51.51,0,0,0-.707,0,.5.5,0,0,0,0,.71l2.829,2.83-2.829,2.83a.5.5,0,0,0,0,.71.51.51,0,0,0,.707,0Zm-62.743-.35,62.39.5v-1l-62.39-.5Z\" transform=\"translate(-365.277 -3699.761)\" fill=\"#0083df\" stroke=\"#0083df\" stroke-width=\"1\"><\/path><\/svg>\t\t\t\t\t\t<\/span>\n\t\t\t\t\t\t\t\t\t\t<span class=\"elementor-icon-list-text\">Lorem ipsum dolor sit amet, consectetur adipiscing elit,<\/span>\n\t\t\t\t\t\t\t\t\t<\/li>\n\t\t\t\t\t\t\t\t<li class=\"elementor-icon-list-item\">\n\t\t\t\t\t\t\t\t\t\t\t<span class=\"elementor-icon-list-icon\">\n\t\t\t\t\t\t\t<svg xmlns=\"http:\/\/www.w3.org\/2000\/svg\" width=\"63.889\" height=\"8.479\" viewbox=\"0 0 63.889 8.479\"><path id=\"Path_916\" data-name=\"Path 916\" d=\"M428.52,3704.35a.492.492,0,0,0,0-.7l-3.182-3.19a.51.51,0,0,0-.707,0,.5.5,0,0,0,0,.71l2.829,2.83-2.829,2.83a.5.5,0,0,0,0,.71.51.51,0,0,0,.707,0Zm-62.743-.35,62.39.5v-1l-62.39-.5Z\" transform=\"translate(-365.277 -3699.761)\" fill=\"#0083df\" stroke=\"#0083df\" stroke-width=\"1\"><\/path><\/svg>\t\t\t\t\t\t<\/span>\n\t\t\t\t\t\t\t\t\t\t<span class=\"elementor-icon-list-text\">Lorem ipsum dolor sit amet, consectetur adipiscing elit,<\/span>\n\t\t\t\t\t\t\t\t\t<\/li>\n\t\t\t\t\t\t\t\t<li class=\"elementor-icon-list-item\">\n\t\t\t\t\t\t\t\t\t\t\t<span class=\"elementor-icon-list-icon\">\n\t\t\t\t\t\t\t<svg xmlns=\"http:\/\/www.w3.org\/2000\/svg\" width=\"63.889\" height=\"8.479\" viewbox=\"0 0 63.889 8.479\"><path id=\"Path_916\" data-name=\"Path 916\" d=\"M428.52,3704.35a.492.492,0,0,0,0-.7l-3.182-3.19a.51.51,0,0,0-.707,0,.5.5,0,0,0,0,.71l2.829,2.83-2.829,2.83a.5.5,0,0,0,0,.71.51.51,0,0,0,.707,0Zm-62.743-.35,62.39.5v-1l-62.39-.5Z\" transform=\"translate(-365.277 -3699.761)\" fill=\"#0083df\" stroke=\"#0083df\" stroke-width=\"1\"><\/path><\/svg>\t\t\t\t\t\t<\/span>\n\t\t\t\t\t\t\t\t\t\t<span class=\"elementor-icon-list-text\">Lorem ipsum dolor sit amet, consectetur adipiscing elit,<\/span>\n\t\t\t\t\t\t\t\t\t<\/li>\n\t\t\t\t\t\t<\/ul>\n\t\t\t\t\t\t<\/div>\n\t\t\t\t<\/div>\n\t\t\t\t<\/div>\n\t\t<div class=\"elementor-element elementor-element-2ca1987 e-con-full e-flex e-con e-parent\" data-id=\"2ca1987\" data-element_type=\"container\" data-e-type=\"container\" data-settings=\"{&quot;jet_parallax_layout_list&quot;:[]}\">\n\t\t\t\t<div class=\"elementor-element elementor-element-59645abb elementor-icon-list--layout-traditional elementor-list-item-link-full_width elementor-widget elementor-widget-icon-list\" data-id=\"59645abb\" data-element_type=\"widget\" data-e-type=\"widget\" data-widget_type=\"icon-list.default\">\n\t\t\t\t<div class=\"elementor-widget-container\">\n\t\t\t\t\t\t\t<ul class=\"elementor-icon-list-items\">\n\t\t\t\t\t\t\t<li class=\"elementor-icon-list-item\">\n\t\t\t\t\t\t\t\t\t\t\t<span class=\"elementor-icon-list-icon\">\n\t\t\t\t\t\t\t<svg xmlns=\"http:\/\/www.w3.org\/2000\/svg\" width=\"63.889\" height=\"8.479\" viewbox=\"0 0 63.889 8.479\"><path id=\"Path_916\" data-name=\"Path 916\" d=\"M428.52,3704.35a.492.492,0,0,0,0-.7l-3.182-3.19a.51.51,0,0,0-.707,0,.5.5,0,0,0,0,.71l2.829,2.83-2.829,2.83a.5.5,0,0,0,0,.71.51.51,0,0,0,.707,0Zm-62.743-.35,62.39.5v-1l-62.39-.5Z\" transform=\"translate(-365.277 -3699.761)\" fill=\"#0083df\" stroke=\"#0083df\" stroke-width=\"1\"><\/path><\/svg>\t\t\t\t\t\t<\/span>\n\t\t\t\t\t\t\t\t\t\t<span class=\"elementor-icon-list-text\">Lorem ipsum dolor sit amet, consectetur adipiscing elit,<\/span>\n\t\t\t\t\t\t\t\t\t<\/li>\n\t\t\t\t\t\t\t\t<li class=\"elementor-icon-list-item\">\n\t\t\t\t\t\t\t\t\t\t\t<span class=\"elementor-icon-list-icon\">\n\t\t\t\t\t\t\t<svg xmlns=\"http:\/\/www.w3.org\/2000\/svg\" width=\"63.889\" height=\"8.479\" viewbox=\"0 0 63.889 8.479\"><path id=\"Path_916\" data-name=\"Path 916\" d=\"M428.52,3704.35a.492.492,0,0,0,0-.7l-3.182-3.19a.51.51,0,0,0-.707,0,.5.5,0,0,0,0,.71l2.829,2.83-2.829,2.83a.5.5,0,0,0,0,.71.51.51,0,0,0,.707,0Zm-62.743-.35,62.39.5v-1l-62.39-.5Z\" transform=\"translate(-365.277 -3699.761)\" fill=\"#0083df\" stroke=\"#0083df\" stroke-width=\"1\"><\/path><\/svg>\t\t\t\t\t\t<\/span>\n\t\t\t\t\t\t\t\t\t\t<span class=\"elementor-icon-list-text\">Lorem ipsum dolor sit amet, consectetur adipiscing elit,<\/span>\n\t\t\t\t\t\t\t\t\t<\/li>\n\t\t\t\t\t\t\t\t<li class=\"elementor-icon-list-item\">\n\t\t\t\t\t\t\t\t\t\t\t<span class=\"elementor-icon-list-icon\">\n\t\t\t\t\t\t\t<svg xmlns=\"http:\/\/www.w3.org\/2000\/svg\" width=\"63.889\" height=\"8.479\" viewbox=\"0 0 63.889 8.479\"><path id=\"Path_916\" data-name=\"Path 916\" d=\"M428.52,3704.35a.492.492,0,0,0,0-.7l-3.182-3.19a.51.51,0,0,0-.707,0,.5.5,0,0,0,0,.71l2.829,2.83-2.829,2.83a.5.5,0,0,0,0,.71.51.51,0,0,0,.707,0Zm-62.743-.35,62.39.5v-1l-62.39-.5Z\" transform=\"translate(-365.277 -3699.761)\" fill=\"#0083df\" stroke=\"#0083df\" stroke-width=\"1\"><\/path><\/svg>\t\t\t\t\t\t<\/span>\n\t\t\t\t\t\t\t\t\t\t<span class=\"elementor-icon-list-text\">Lorem ipsum dolor sit amet, consectetur adipiscing elit,<\/span>\n\t\t\t\t\t\t\t\t\t<\/li>\n\t\t\t\t\t\t\t\t<li class=\"elementor-icon-list-item\">\n\t\t\t\t\t\t\t\t\t\t\t<span class=\"elementor-icon-list-icon\">\n\t\t\t\t\t\t\t<svg xmlns=\"http:\/\/www.w3.org\/2000\/svg\" width=\"63.889\" height=\"8.479\" viewbox=\"0 0 63.889 8.479\"><path id=\"Path_916\" data-name=\"Path 916\" d=\"M428.52,3704.35a.492.492,0,0,0,0-.7l-3.182-3.19a.51.51,0,0,0-.707,0,.5.5,0,0,0,0,.71l2.829,2.83-2.829,2.83a.5.5,0,0,0,0,.71.51.51,0,0,0,.707,0Zm-62.743-.35,62.39.5v-1l-62.39-.5Z\" transform=\"translate(-365.277 -3699.761)\" fill=\"#0083df\" stroke=\"#0083df\" stroke-width=\"1\"><\/path><\/svg>\t\t\t\t\t\t<\/span>\n\t\t\t\t\t\t\t\t\t\t<span class=\"elementor-icon-list-text\">Lorem ipsum dolor sit amet, consectetur adipiscing elit,<\/span>\n\t\t\t\t\t\t\t\t\t<\/li>\n\t\t\t\t\t\t\t\t<li class=\"elementor-icon-list-item\">\n\t\t\t\t\t\t\t\t\t\t\t<span class=\"elementor-icon-list-icon\">\n\t\t\t\t\t\t\t<svg xmlns=\"http:\/\/www.w3.org\/2000\/svg\" width=\"63.889\" height=\"8.479\" viewbox=\"0 0 63.889 8.479\"><path id=\"Path_916\" data-name=\"Path 916\" d=\"M428.52,3704.35a.492.492,0,0,0,0-.7l-3.182-3.19a.51.51,0,0,0-.707,0,.5.5,0,0,0,0,.71l2.829,2.83-2.829,2.83a.5.5,0,0,0,0,.71.51.51,0,0,0,.707,0Zm-62.743-.35,62.39.5v-1l-62.39-.5Z\" transform=\"translate(-365.277 -3699.761)\" fill=\"#0083df\" stroke=\"#0083df\" stroke-width=\"1\"><\/path><\/svg>\t\t\t\t\t\t<\/span>\n\t\t\t\t\t\t\t\t\t\t<span class=\"elementor-icon-list-text\">Lorem ipsum dolor sit amet, consectetur adipiscing elit,<\/span>\n\t\t\t\t\t\t\t\t\t<\/li>\n\t\t\t\t\t\t<\/ul>\n\t\t\t\t\t\t<\/div>\n\t\t\t\t<\/div>\n\t\t\t\t<\/div>\n\t\t\t\t\t<\/div>\n\t\t\t\t<\/div>\n\t\t\t\t\t<\/div>\n\t\t\t\t<\/div>\n\t\t\t\t<\/div>\n\t\t\t\t<\/div>\n\t\t\t\t\t\t<\/div>\n\t\t\t\t<\/div>\n\t\t\t\t\t<\/div>\n\t\t\t\t<\/div>\n\t\t<div class=\"elementor-element elementor-element-05b012b e-flex e-con-boxed e-con e-parent\" data-id=\"05b012b\" data-element_type=\"container\" data-e-type=\"container\" data-settings=\"{&quot;jet_parallax_layout_list&quot;:[]}\">\n\t\t\t\t\t<div class=\"e-con-inner\">\n\t\t\t\t<div class=\"elementor-element elementor-element-b5b2446 elementor-widget elementor-widget-spacer\" data-id=\"b5b2446\" data-element_type=\"widget\" data-e-type=\"widget\" data-widget_type=\"spacer.default\">\n\t\t\t\t<div class=\"elementor-widget-container\">\n\t\t\t\t\t\t\t<div class=\"elementor-spacer\">\n\t\t\t<div class=\"elementor-spacer-inner\"><\/div>\n\t\t<\/div>\n\t\t\t\t\t\t<\/div>\n\t\t\t\t<\/div>\n\t\t\t\t\t<\/div>\n\t\t\t\t<\/div>\n\t\t\t\t<\/div>","protected":false},"excerpt":{"rendered":"<p>Ilmapallot Etusivu Ilmapallot Tuottajavastuu koskee myyntitavasta riippumatta kertak\u00e4ytt\u00f6isiin muovituotteisiin kuuluvia kuluttajak\u00e4ytt\u00f6\u00f6n tarkoitettuja ilmapalloja, joiden tuottajana pidet\u00e4\u00e4n tuotteen valmistajaa tai maahantuojaa. Tuottajan kustannusvastuuta sovelletaan kertak\u00e4ytt\u00f6isiin muovituotteisiin kuuluvien ilmapallojen tuottajaan 1 p\u00e4iv\u00e4st\u00e4 tammikuuta 2025. Kertak\u00e4ytt\u00f6isiin muovituotteisiin kuuluvien ilmapallojen tuottajien on vastattava kustannuksista, jotka koituvat kunnalle kyseisist\u00e4 tuotteista aiheutuvan roskaantumisen siivoamisesta ja siivottujen roskien kuljetuksesta ja k\u00e4sittelyst\u00e4. Vuonna [&hellip;]<\/p>\n","protected":false},"author":4,"featured_media":0,"parent":1442,"menu_order":0,"comment_status":"closed","ping_status":"closed","template":"","meta":{"iawp_total_views":95,"footnotes":""},"class_list":["post-1523","page","type-page","status-publish","hentry"],"_links":{"self":[{"href":"https:\/\/suptuottajat.fi\/en\/wp-json\/wp\/v2\/pages\/1523","targetHints":{"allow":["GET"]}}],"collection":[{"href":"https:\/\/suptuottajat.fi\/en\/wp-json\/wp\/v2\/pages"}],"about":[{"href":"https:\/\/suptuottajat.fi\/en\/wp-json\/wp\/v2\/types\/page"}],"author":[{"embeddable":true,"href":"https:\/\/suptuottajat.fi\/en\/wp-json\/wp\/v2\/users\/4"}],"replies":[{"embeddable":true,"href":"https:\/\/suptuottajat.fi\/en\/wp-json\/wp\/v2\/comments?post=1523"}],"version-history":[{"count":0,"href":"https:\/\/suptuottajat.fi\/en\/wp-json\/wp\/v2\/pages\/1523\/revisions"}],"up":[{"embeddable":true,"href":"https:\/\/suptuottajat.fi\/en\/wp-json\/wp\/v2\/pages\/1442"}],"wp:attachment":[{"href":"https:\/\/suptuottajat.fi\/en\/wp-json\/wp\/v2\/media?parent=1523"}],"curies":[{"name":"wp","href":"https:\/\/api.w.org\/{rel}","templated":true}]}}