{"id":2118,"date":"2023-07-11T09:13:05","date_gmt":"2023-07-11T09:13:05","guid":{"rendered":"https:\/\/suptuottajat.fi\/?page_id=2118"},"modified":"2023-07-13T15:50:22","modified_gmt":"2023-07-13T15:50:22","slug":"member-area-page-1","status":"publish","type":"page","link":"https:\/\/suptuottajat.fi\/en\/member-area-page-1\/","title":{"rendered":"K\u00e4ytt\u00e4j\u00e4 sivu"},"content":{"rendered":"<div data-elementor-type=\"wp-page\" data-elementor-id=\"2118\" class=\"elementor elementor-2118\" data-elementor-post-type=\"page\">\n\t\t\t\t<div class=\"elementor-element elementor-element-b3ef175 e-flex e-con-boxed e-con e-parent\" data-id=\"b3ef175\" data-element_type=\"container\" data-e-type=\"container\" data-settings=\"{&quot;jet_parallax_layout_list&quot;:[]}\">\n\t\t\t\t\t<div class=\"e-con-inner\">\n\t\t<div class=\"elementor-element elementor-element-72a5c87 e-con-full e-flex e-con e-parent\" data-id=\"72a5c87\" data-element_type=\"container\" data-e-type=\"container\" data-settings=\"{&quot;jet_parallax_layout_list&quot;:[]}\">\n\t\t\t\t<div class=\"elementor-element elementor-element-1fb20bb elementor-widget elementor-widget-heading\" data-id=\"1fb20bb\" data-element_type=\"widget\" data-e-type=\"widget\" data-widget_type=\"heading.default\">\n\t\t\t\t<div class=\"elementor-widget-container\">\n\t\t\t\t\t<h1 class=\"elementor-heading-title elementor-size-default\">Hei k\u00e4ytt\u00e4j\u00e4!<\/h1>\t\t\t\t<\/div>\n\t\t\t\t<\/div>\n\t\t\t\t<\/div>\n\t\t<div class=\"elementor-element elementor-element-29ec8e8 e-con-full e-flex e-con e-parent\" data-id=\"29ec8e8\" data-element_type=\"container\" data-e-type=\"container\" data-settings=\"{&quot;jet_parallax_layout_list&quot;:[]}\">\n\t\t\t\t<div class=\"elementor-element elementor-element-0326c46 elementor-widget elementor-widget-image\" data-id=\"0326c46\" data-element_type=\"widget\" data-e-type=\"widget\" data-widget_type=\"image.default\">\n\t\t\t\t<div class=\"elementor-widget-container\">\n\t\t\t\t\t\t\t\t\t\t\t\t\t\t\t<img fetchpriority=\"high\" decoding=\"async\" width=\"800\" height=\"560\" src=\"https:\/\/suptuottajat.fi\/wp-content\/uploads\/2023\/07\/Mask-Group-15.jpeg\" class=\"attachment-large size-large wp-image-2634\" alt=\"\" srcset=\"https:\/\/suptuottajat.fi\/wp-content\/uploads\/2023\/07\/Mask-Group-15.jpeg 806w, https:\/\/suptuottajat.fi\/wp-content\/uploads\/2023\/07\/Mask-Group-15-300x210.jpeg 300w, https:\/\/suptuottajat.fi\/wp-content\/uploads\/2023\/07\/Mask-Group-15-768x537.jpeg 768w\" sizes=\"(max-width: 800px) 100vw, 800px\" \/>\t\t\t\t\t\t\t\t\t\t\t\t\t\t\t<\/div>\n\t\t\t\t<\/div>\n\t\t\t\t<\/div>\n\t\t\t\t\t<\/div>\n\t\t\t\t<\/div>\n\t\t<div class=\"elementor-element elementor-element-f147658 e-flex e-con-boxed e-con e-parent\" data-id=\"f147658\" data-element_type=\"container\" data-e-type=\"container\" data-settings=\"{&quot;jet_parallax_layout_list&quot;:[]}\">\n\t\t\t\t\t<div class=\"e-con-inner\">\n\t\t<div class=\"elementor-element elementor-element-19e0a16 e-flex e-con-boxed e-con e-parent\" data-id=\"19e0a16\" data-element_type=\"container\" data-e-type=\"container\" data-settings=\"{&quot;background_background&quot;:&quot;classic&quot;,&quot;jet_parallax_layout_list&quot;:[]}\">\n\t\t\t\t\t<div class=\"e-con-inner\">\n\t\t\t\t<div class=\"elementor-element elementor-element-8243d6d elementor-widget elementor-widget-heading\" data-id=\"8243d6d\" data-element_type=\"widget\" data-e-type=\"widget\" data-widget_type=\"heading.default\">\n\t\t\t\t<div class=\"elementor-widget-container\">\n\t\t\t\t\t<h2 class=\"elementor-heading-title elementor-size-default\">Ajankohtaista tietoa<\/h2>\t\t\t\t<\/div>\n\t\t\t\t<\/div>\n\t\t<div class=\"elementor-element elementor-element-d4fc38f e-con-full e-flex e-con e-parent\" data-id=\"d4fc38f\" data-element_type=\"container\" data-e-type=\"container\" data-settings=\"{&quot;jet_parallax_layout_list&quot;:[]}\">\n\t\t\t\t<div class=\"elementor-element elementor-element-d8425ca elementor-widget elementor-widget-text-editor\" data-id=\"d8425ca\" data-element_type=\"widget\" data-e-type=\"widget\" data-widget_type=\"text-editor.default\">\n\t\t\t\t<div class=\"elementor-widget-container\">\n\t\t\t\t\t\t\t\t\t<p>Ut enim ad minim veniam, quis nostrud exercitation ullamco laboris nisi ut aliquip ex ea commodo consequat. Duis aute irure dolor in reprehenderit in voluptate velit esse cillum dolore eu fugiat nulla pariatur. Lorem ipsum dolor sit amet, consectetur adipiscing elit, sed do eiusmod tempor incididunt ut labore et dolore magna aliqua. Ut enim ad minim veniam, quis nostrud exercitation ullamco laboris nisi ut aliquip ex ea commodo consequat.<\/p>\t\t\t\t\t\t\t\t<\/div>\n\t\t\t\t<\/div>\n\t\t\t\t<div class=\"elementor-element elementor-element-6713c4d elementor-widget elementor-widget-text-editor\" data-id=\"6713c4d\" data-element_type=\"widget\" data-e-type=\"widget\" data-widget_type=\"text-editor.default\">\n\t\t\t\t<div class=\"elementor-widget-container\">\n\t\t\t\t\t\t\t\t\t<p>Ut enim ad minim veniam, quis nostrud exercitation ullamco laboris nisi ut aliquip ex ea commodo consequat. Duis aute irure dolor in reprehenderit in voluptate velit esse cillum dolore eu fugiat nulla pariatur. Lorem ipsum dolor sit amet, consectetur adipiscing elit, sed do eiusmod tempor incididunt ut labore et dolore magna aliqua. Ut enim ad minim veniam, quis nostrud exercitation ullamco laboris nisi ut aliquip ex ea commodo consequat.<\/p>\t\t\t\t\t\t\t\t<\/div>\n\t\t\t\t<\/div>\n\t\t\t\t<\/div>\n\t\t\t\t\t<\/div>\n\t\t\t\t<\/div>\n\t\t\t\t\t<\/div>\n\t\t\t\t<\/div>\n\t\t<div class=\"elementor-element elementor-element-969c8d4 e-flex e-con-boxed e-con e-parent\" data-id=\"969c8d4\" data-element_type=\"container\" data-e-type=\"container\" data-settings=\"{&quot;jet_parallax_layout_list&quot;:[]}\">\n\t\t\t\t\t<div class=\"e-con-inner\">\n\t\t\t\t<div class=\"elementor-element elementor-element-1e67423 elementor-widget elementor-widget-heading\" data-id=\"1e67423\" data-element_type=\"widget\" data-e-type=\"widget\" data-widget_type=\"heading.default\">\n\t\t\t\t<div class=\"elementor-widget-container\">\n\t\t\t\t\t<h2 class=\"elementor-heading-title elementor-size-default\">Linkki ilmoituslomakkeelle<\/h2>\t\t\t\t<\/div>\n\t\t\t\t<\/div>\n\t\t<div class=\"elementor-element elementor-element-4578629 e-con-full e-flex e-con e-parent\" data-id=\"4578629\" data-element_type=\"container\" data-e-type=\"container\" data-settings=\"{&quot;jet_parallax_layout_list&quot;:[]}\">\n\t\t\t\t<div class=\"elementor-element elementor-element-c71fd86 elementor-widget elementor-widget-text-editor\" data-id=\"c71fd86\" data-element_type=\"widget\" data-e-type=\"widget\" data-widget_type=\"text-editor.default\">\n\t\t\t\t<div class=\"elementor-widget-container\">\n\t\t\t\t\t\t\t\t\t<p>Lorem ipsum dolor sit amet, consectetur adipiscing elit, sed do eiusmod tempor incididunt ut labore et dolore magna aliqua.&nbsp;<\/p><p>Ut enim ad minim veniam, quis nostrud exercitation ullamco laboris nisi ut aliquip ex ea commodo consequat. Duis aute irure dolor in reprehenderit in voluptate velit esse cillum dolore eu fugiat nulla pariatur. Lorem ipsum dolor sit<\/p>\t\t\t\t\t\t\t\t<\/div>\n\t\t\t\t<\/div>\n\t\t\t\t<div class=\"elementor-element elementor-element-f715b06 elementor-widget elementor-widget-text-editor\" data-id=\"f715b06\" data-element_type=\"widget\" data-e-type=\"widget\" data-widget_type=\"text-editor.default\">\n\t\t\t\t<div class=\"elementor-widget-container\">\n\t\t\t\t\t\t\t\t\t<p>Lorem ipsum dolor sit amet, consectetur adipiscing elit, sed do eiusmod tempor incididunt ut labore et dolore magna aliqua.&nbsp;<\/p><p>Ut enim ad minim veniam, quis nostrud exercitation ullamco laboris nisi ut aliquip ex ea commodo consequat. Duis aute irure dolor in reprehenderit in voluptate velit esse cillum dolore eu fugiat nulla pariatur. Lorem ipsum dolor sit<\/p>\t\t\t\t\t\t\t\t<\/div>\n\t\t\t\t<\/div>\n\t\t\t\t<\/div>\n\t\t\t\t\t<\/div>\n\t\t\t\t<\/div>\n\t\t<div class=\"elementor-element elementor-element-1cb2c39 e-flex e-con-boxed e-con e-parent\" data-id=\"1cb2c39\" data-element_type=\"container\" data-e-type=\"container\" data-settings=\"{&quot;jet_parallax_layout_list&quot;:[]}\">\n\t\t\t\t\t<div class=\"e-con-inner\">\n\t\t<div class=\"elementor-element elementor-element-cfcc1d7 e-flex e-con-boxed e-con e-parent\" data-id=\"cfcc1d7\" data-element_type=\"container\" data-e-type=\"container\" data-settings=\"{&quot;jet_parallax_layout_list&quot;:[]}\">\n\t\t\t\t\t<div class=\"e-con-inner\">\n\t\t<div class=\"elementor-element elementor-element-4a5147d e-con-full e-flex e-con e-parent\" data-id=\"4a5147d\" data-element_type=\"container\" data-e-type=\"container\" data-settings=\"{&quot;jet_parallax_layout_list&quot;:[]}\">\n\t\t\t\t<div class=\"elementor-element elementor-element-1026c12 elementor-icon-list--layout-traditional elementor-list-item-link-full_width elementor-widget elementor-widget-icon-list\" data-id=\"1026c12\" data-element_type=\"widget\" data-e-type=\"widget\" data-widget_type=\"icon-list.default\">\n\t\t\t\t<div class=\"elementor-widget-container\">\n\t\t\t\t\t\t\t<ul class=\"elementor-icon-list-items\">\n\t\t\t\t\t\t\t<li class=\"elementor-icon-list-item\">\n\t\t\t\t\t\t\t\t\t\t\t<span class=\"elementor-icon-list-icon\">\n\t\t\t\t\t\t\t<svg xmlns=\"http:\/\/www.w3.org\/2000\/svg\" width=\"63.889\" height=\"8.479\" viewbox=\"0 0 63.889 8.479\"><path id=\"Path_916\" data-name=\"Path 916\" d=\"M428.52,3704.35a.492.492,0,0,0,0-.7l-3.182-3.19a.51.51,0,0,0-.707,0,.5.5,0,0,0,0,.71l2.829,2.83-2.829,2.83a.5.5,0,0,0,0,.71.51.51,0,0,0,.707,0Zm-62.743-.35,62.39.5v-1l-62.39-.5Z\" transform=\"translate(-365.277 -3699.761)\" fill=\"#0083df\" stroke=\"#0083df\" stroke-width=\"1\"><\/path><\/svg>\t\t\t\t\t\t<\/span>\n\t\t\t\t\t\t\t\t\t\t<span class=\"elementor-icon-list-text\">Lorem ipsum dolor sit amet, consectetur adipiscing elit,<\/span>\n\t\t\t\t\t\t\t\t\t<\/li>\n\t\t\t\t\t\t\t\t<li class=\"elementor-icon-list-item\">\n\t\t\t\t\t\t\t\t\t\t\t<span class=\"elementor-icon-list-icon\">\n\t\t\t\t\t\t\t<svg xmlns=\"http:\/\/www.w3.org\/2000\/svg\" width=\"63.889\" height=\"8.479\" viewbox=\"0 0 63.889 8.479\"><path id=\"Path_916\" data-name=\"Path 916\" d=\"M428.52,3704.35a.492.492,0,0,0,0-.7l-3.182-3.19a.51.51,0,0,0-.707,0,.5.5,0,0,0,0,.71l2.829,2.83-2.829,2.83a.5.5,0,0,0,0,.71.51.51,0,0,0,.707,0Zm-62.743-.35,62.39.5v-1l-62.39-.5Z\" transform=\"translate(-365.277 -3699.761)\" fill=\"#0083df\" stroke=\"#0083df\" stroke-width=\"1\"><\/path><\/svg>\t\t\t\t\t\t<\/span>\n\t\t\t\t\t\t\t\t\t\t<span class=\"elementor-icon-list-text\">Lorem ipsum dolor sit amet, consectetur adipiscing elit,<\/span>\n\t\t\t\t\t\t\t\t\t<\/li>\n\t\t\t\t\t\t\t\t<li class=\"elementor-icon-list-item\">\n\t\t\t\t\t\t\t\t\t\t\t<span class=\"elementor-icon-list-icon\">\n\t\t\t\t\t\t\t<svg xmlns=\"http:\/\/www.w3.org\/2000\/svg\" width=\"63.889\" height=\"8.479\" viewbox=\"0 0 63.889 8.479\"><path id=\"Path_916\" data-name=\"Path 916\" d=\"M428.52,3704.35a.492.492,0,0,0,0-.7l-3.182-3.19a.51.51,0,0,0-.707,0,.5.5,0,0,0,0,.71l2.829,2.83-2.829,2.83a.5.5,0,0,0,0,.71.51.51,0,0,0,.707,0Zm-62.743-.35,62.39.5v-1l-62.39-.5Z\" transform=\"translate(-365.277 -3699.761)\" fill=\"#0083df\" stroke=\"#0083df\" stroke-width=\"1\"><\/path><\/svg>\t\t\t\t\t\t<\/span>\n\t\t\t\t\t\t\t\t\t\t<span class=\"elementor-icon-list-text\">Lorem ipsum dolor sit amet, consectetur adipiscing elit,<\/span>\n\t\t\t\t\t\t\t\t\t<\/li>\n\t\t\t\t\t\t\t\t<li class=\"elementor-icon-list-item\">\n\t\t\t\t\t\t\t\t\t\t\t<span class=\"elementor-icon-list-icon\">\n\t\t\t\t\t\t\t<svg xmlns=\"http:\/\/www.w3.org\/2000\/svg\" width=\"63.889\" height=\"8.479\" viewbox=\"0 0 63.889 8.479\"><path id=\"Path_916\" data-name=\"Path 916\" d=\"M428.52,3704.35a.492.492,0,0,0,0-.7l-3.182-3.19a.51.51,0,0,0-.707,0,.5.5,0,0,0,0,.71l2.829,2.83-2.829,2.83a.5.5,0,0,0,0,.71.51.51,0,0,0,.707,0Zm-62.743-.35,62.39.5v-1l-62.39-.5Z\" transform=\"translate(-365.277 -3699.761)\" fill=\"#0083df\" stroke=\"#0083df\" stroke-width=\"1\"><\/path><\/svg>\t\t\t\t\t\t<\/span>\n\t\t\t\t\t\t\t\t\t\t<span class=\"elementor-icon-list-text\">Lorem ipsum dolor sit amet, consectetur adipiscing elit,<\/span>\n\t\t\t\t\t\t\t\t\t<\/li>\n\t\t\t\t\t\t\t\t<li class=\"elementor-icon-list-item\">\n\t\t\t\t\t\t\t\t\t\t\t<span class=\"elementor-icon-list-icon\">\n\t\t\t\t\t\t\t<svg xmlns=\"http:\/\/www.w3.org\/2000\/svg\" width=\"63.889\" height=\"8.479\" viewbox=\"0 0 63.889 8.479\"><path id=\"Path_916\" data-name=\"Path 916\" d=\"M428.52,3704.35a.492.492,0,0,0,0-.7l-3.182-3.19a.51.51,0,0,0-.707,0,.5.5,0,0,0,0,.71l2.829,2.83-2.829,2.83a.5.5,0,0,0,0,.71.51.51,0,0,0,.707,0Zm-62.743-.35,62.39.5v-1l-62.39-.5Z\" transform=\"translate(-365.277 -3699.761)\" fill=\"#0083df\" stroke=\"#0083df\" stroke-width=\"1\"><\/path><\/svg>\t\t\t\t\t\t<\/span>\n\t\t\t\t\t\t\t\t\t\t<span class=\"elementor-icon-list-text\">Lorem ipsum dolor sit amet, consectetur adipiscing elit,<\/span>\n\t\t\t\t\t\t\t\t\t<\/li>\n\t\t\t\t\t\t<\/ul>\n\t\t\t\t\t\t<\/div>\n\t\t\t\t<\/div>\n\t\t\t\t<div class=\"elementor-element elementor-element-dae8169 elementor-icon-list--layout-traditional elementor-list-item-link-full_width elementor-widget elementor-widget-icon-list\" data-id=\"dae8169\" data-element_type=\"widget\" data-e-type=\"widget\" data-widget_type=\"icon-list.default\">\n\t\t\t\t<div class=\"elementor-widget-container\">\n\t\t\t\t\t\t\t<ul class=\"elementor-icon-list-items\">\n\t\t\t\t\t\t\t<li class=\"elementor-icon-list-item\">\n\t\t\t\t\t\t\t\t\t\t\t<span class=\"elementor-icon-list-icon\">\n\t\t\t\t\t\t\t<svg xmlns=\"http:\/\/www.w3.org\/2000\/svg\" width=\"63.889\" height=\"8.479\" viewbox=\"0 0 63.889 8.479\"><path id=\"Path_916\" data-name=\"Path 916\" d=\"M428.52,3704.35a.492.492,0,0,0,0-.7l-3.182-3.19a.51.51,0,0,0-.707,0,.5.5,0,0,0,0,.71l2.829,2.83-2.829,2.83a.5.5,0,0,0,0,.71.51.51,0,0,0,.707,0Zm-62.743-.35,62.39.5v-1l-62.39-.5Z\" transform=\"translate(-365.277 -3699.761)\" fill=\"#0083df\" stroke=\"#0083df\" stroke-width=\"1\"><\/path><\/svg>\t\t\t\t\t\t<\/span>\n\t\t\t\t\t\t\t\t\t\t<span class=\"elementor-icon-list-text\">Lorem ipsum dolor sit amet, consectetur adipiscing elit,<\/span>\n\t\t\t\t\t\t\t\t\t<\/li>\n\t\t\t\t\t\t\t\t<li class=\"elementor-icon-list-item\">\n\t\t\t\t\t\t\t\t\t\t\t<span class=\"elementor-icon-list-icon\">\n\t\t\t\t\t\t\t<svg xmlns=\"http:\/\/www.w3.org\/2000\/svg\" width=\"63.889\" height=\"8.479\" viewbox=\"0 0 63.889 8.479\"><path id=\"Path_916\" data-name=\"Path 916\" d=\"M428.52,3704.35a.492.492,0,0,0,0-.7l-3.182-3.19a.51.51,0,0,0-.707,0,.5.5,0,0,0,0,.71l2.829,2.83-2.829,2.83a.5.5,0,0,0,0,.71.51.51,0,0,0,.707,0Zm-62.743-.35,62.39.5v-1l-62.39-.5Z\" transform=\"translate(-365.277 -3699.761)\" fill=\"#0083df\" stroke=\"#0083df\" stroke-width=\"1\"><\/path><\/svg>\t\t\t\t\t\t<\/span>\n\t\t\t\t\t\t\t\t\t\t<span class=\"elementor-icon-list-text\">Lorem ipsum dolor sit amet, consectetur adipiscing elit,<\/span>\n\t\t\t\t\t\t\t\t\t<\/li>\n\t\t\t\t\t\t\t\t<li class=\"elementor-icon-list-item\">\n\t\t\t\t\t\t\t\t\t\t\t<span class=\"elementor-icon-list-icon\">\n\t\t\t\t\t\t\t<svg xmlns=\"http:\/\/www.w3.org\/2000\/svg\" width=\"63.889\" height=\"8.479\" viewbox=\"0 0 63.889 8.479\"><path id=\"Path_916\" data-name=\"Path 916\" d=\"M428.52,3704.35a.492.492,0,0,0,0-.7l-3.182-3.19a.51.51,0,0,0-.707,0,.5.5,0,0,0,0,.71l2.829,2.83-2.829,2.83a.5.5,0,0,0,0,.71.51.51,0,0,0,.707,0Zm-62.743-.35,62.39.5v-1l-62.39-.5Z\" transform=\"translate(-365.277 -3699.761)\" fill=\"#0083df\" stroke=\"#0083df\" stroke-width=\"1\"><\/path><\/svg>\t\t\t\t\t\t<\/span>\n\t\t\t\t\t\t\t\t\t\t<span class=\"elementor-icon-list-text\">Lorem ipsum dolor sit amet, consectetur adipiscing elit,<\/span>\n\t\t\t\t\t\t\t\t\t<\/li>\n\t\t\t\t\t\t\t\t<li class=\"elementor-icon-list-item\">\n\t\t\t\t\t\t\t\t\t\t\t<span class=\"elementor-icon-list-icon\">\n\t\t\t\t\t\t\t<svg xmlns=\"http:\/\/www.w3.org\/2000\/svg\" width=\"63.889\" height=\"8.479\" viewbox=\"0 0 63.889 8.479\"><path id=\"Path_916\" data-name=\"Path 916\" d=\"M428.52,3704.35a.492.492,0,0,0,0-.7l-3.182-3.19a.51.51,0,0,0-.707,0,.5.5,0,0,0,0,.71l2.829,2.83-2.829,2.83a.5.5,0,0,0,0,.71.51.51,0,0,0,.707,0Zm-62.743-.35,62.39.5v-1l-62.39-.5Z\" transform=\"translate(-365.277 -3699.761)\" fill=\"#0083df\" stroke=\"#0083df\" stroke-width=\"1\"><\/path><\/svg>\t\t\t\t\t\t<\/span>\n\t\t\t\t\t\t\t\t\t\t<span class=\"elementor-icon-list-text\">Lorem ipsum dolor sit amet, consectetur adipiscing elit,<\/span>\n\t\t\t\t\t\t\t\t\t<\/li>\n\t\t\t\t\t\t\t\t<li class=\"elementor-icon-list-item\">\n\t\t\t\t\t\t\t\t\t\t\t<span class=\"elementor-icon-list-icon\">\n\t\t\t\t\t\t\t<svg xmlns=\"http:\/\/www.w3.org\/2000\/svg\" width=\"63.889\" height=\"8.479\" viewbox=\"0 0 63.889 8.479\"><path id=\"Path_916\" data-name=\"Path 916\" d=\"M428.52,3704.35a.492.492,0,0,0,0-.7l-3.182-3.19a.51.51,0,0,0-.707,0,.5.5,0,0,0,0,.71l2.829,2.83-2.829,2.83a.5.5,0,0,0,0,.71.51.51,0,0,0,.707,0Zm-62.743-.35,62.39.5v-1l-62.39-.5Z\" transform=\"translate(-365.277 -3699.761)\" fill=\"#0083df\" stroke=\"#0083df\" stroke-width=\"1\"><\/path><\/svg>\t\t\t\t\t\t<\/span>\n\t\t\t\t\t\t\t\t\t\t<span class=\"elementor-icon-list-text\">Lorem ipsum dolor sit amet, consectetur adipiscing elit,<\/span>\n\t\t\t\t\t\t\t\t\t<\/li>\n\t\t\t\t\t\t<\/ul>\n\t\t\t\t\t\t<\/div>\n\t\t\t\t<\/div>\n\t\t\t\t<\/div>\n\t\t\t\t\t<\/div>\n\t\t\t\t<\/div>\n\t\t\t\t\t<\/div>\n\t\t\t\t<\/div>\n\t\t\t\t<\/div>","protected":false},"excerpt":{"rendered":"<p>Hei k\u00e4ytt\u00e4j\u00e4! Ajankohtaista tietoa Ut enim ad minim veniam, quis nostrud exercitation ullamco laboris nisi ut aliquip ex ea commodo consequat. Duis aute irure dolor in reprehenderit in voluptate velit esse cillum dolore eu fugiat nulla pariatur. Lorem ipsum dolor sit amet, consectetur adipiscing elit, sed do eiusmod tempor incididunt ut labore et dolore magna [&hellip;]<\/p>\n","protected":false},"author":4,"featured_media":0,"parent":0,"menu_order":0,"comment_status":"closed","ping_status":"closed","template":"","meta":{"iawp_total_views":0,"footnotes":""},"class_list":["post-2118","page","type-page","status-publish","hentry"],"_links":{"self":[{"href":"https:\/\/suptuottajat.fi\/en\/wp-json\/wp\/v2\/pages\/2118","targetHints":{"allow":["GET"]}}],"collection":[{"href":"https:\/\/suptuottajat.fi\/en\/wp-json\/wp\/v2\/pages"}],"about":[{"href":"https:\/\/suptuottajat.fi\/en\/wp-json\/wp\/v2\/types\/page"}],"author":[{"embeddable":true,"href":"https:\/\/suptuottajat.fi\/en\/wp-json\/wp\/v2\/users\/4"}],"replies":[{"embeddable":true,"href":"https:\/\/suptuottajat.fi\/en\/wp-json\/wp\/v2\/comments?post=2118"}],"version-history":[{"count":0,"href":"https:\/\/suptuottajat.fi\/en\/wp-json\/wp\/v2\/pages\/2118\/revisions"}],"wp:attachment":[{"href":"https:\/\/suptuottajat.fi\/en\/wp-json\/wp\/v2\/media?parent=2118"}],"curies":[{"name":"wp","href":"https:\/\/api.w.org\/{rel}","templated":true}]}}