{"id":25,"date":"2023-04-17T09:32:00","date_gmt":"2023-04-17T09:32:00","guid":{"rendered":"https:\/\/suptuottajat.fi\/?page_id=25"},"modified":"2025-07-01T15:01:22","modified_gmt":"2025-07-01T12:01:22","slug":"etusivu","status":"publish","type":"page","link":"https:\/\/suptuottajat.fi\/en\/","title":{"rendered":"Etusivu"},"content":{"rendered":"\t\t<div data-elementor-type=\"wp-page\" data-elementor-id=\"25\" class=\"elementor elementor-25\" data-elementor-post-type=\"page\">\n\t\t\t\t<div class=\"elementor-element elementor-element-51c375c e-flex e-con-boxed e-con e-parent\" data-id=\"51c375c\" data-element_type=\"container\" data-e-type=\"container\" data-settings=\"{&quot;jet_parallax_layout_list&quot;:[]}\">\n\t\t\t\t\t<div class=\"e-con-inner\">\n\t\t<div class=\"elementor-element elementor-element-09b6915 e-flex e-con-boxed e-con e-child\" data-id=\"09b6915\" data-element_type=\"container\" data-e-type=\"container\" data-settings=\"{&quot;jet_parallax_layout_list&quot;:[]}\">\n\t\t\t\t\t<div class=\"e-con-inner\">\n\t\t<div class=\"elementor-element elementor-element-43a4f42 e-con-full e-flex e-con e-child\" data-id=\"43a4f42\" data-element_type=\"container\" data-e-type=\"container\" data-settings=\"{&quot;jet_parallax_layout_list&quot;:[]}\">\n\t\t\t\t<div class=\"elementor-element elementor-element-4d3a132 elementor-widget elementor-widget-heading\" data-id=\"4d3a132\" data-element_type=\"widget\" data-e-type=\"widget\" data-widget_type=\"heading.default\">\n\t\t\t\t<div class=\"elementor-widget-container\">\n\t\t\t\t\t<h1 class=\"elementor-heading-title elementor-size-default\">Suomen SUP- Tuottajayhteis\u00f6 Oy<\/h1>\t\t\t\t<\/div>\n\t\t\t\t<\/div>\n\t\t\t\t<div class=\"elementor-element elementor-element-acc5201 elementor-widget elementor-widget-text-editor\" data-id=\"acc5201\" data-element_type=\"widget\" data-e-type=\"widget\" data-widget_type=\"text-editor.default\">\n\t\t\t\t<div class=\"elementor-widget-container\">\n\t\t\t\t\t\t\t\t\t<p>Olemme vuonna 2022 perustettu tuottajavastuuyhti\u00f6, joka vastaa ilmapallojen, kalastusv\u00e4lineiden, kosteuspyyhkeiden ja tupakkatuotteiden SUP-direktiivin toimeenpanosta Suomessa. Yhti\u00f6 on hyv\u00e4ksytty tuottajarekisteriin ilmapallojen, kalastusv\u00e4lineiden, kosteuspyyhkeiden ja tupakkatuotteiden osalta.&nbsp;<\/p>\t\t\t\t\t\t\t\t<\/div>\n\t\t\t\t<\/div>\n\t\t\t\t<\/div>\n\t\t<div class=\"elementor-element elementor-element-a06e9e6 e-con-full e-flex e-con e-child\" data-id=\"a06e9e6\" data-element_type=\"container\" data-e-type=\"container\" data-settings=\"{&quot;jet_parallax_layout_list&quot;:[]}\">\n\t\t\t\t<div class=\"elementor-element elementor-element-864c640 elementor-widget elementor-widget-image\" data-id=\"864c640\" data-element_type=\"widget\" data-e-type=\"widget\" data-widget_type=\"image.default\">\n\t\t\t\t<div class=\"elementor-widget-container\">\n\t\t\t\t\t\t\t\t\t\t\t\t\t\t\t<img fetchpriority=\"high\" decoding=\"async\" width=\"755\" height=\"1024\" src=\"https:\/\/suptuottajat.fi\/wp-content\/uploads\/2023\/07\/Group-1873@2x-755x1024.png\" class=\"attachment-large size-large wp-image-267\" alt=\"\" srcset=\"https:\/\/suptuottajat.fi\/wp-content\/uploads\/2023\/07\/Group-1873@2x-755x1024.png 755w, https:\/\/suptuottajat.fi\/wp-content\/uploads\/2023\/07\/Group-1873@2x-221x300.png 221w, https:\/\/suptuottajat.fi\/wp-content\/uploads\/2023\/07\/Group-1873@2x-768x1042.png 768w, https:\/\/suptuottajat.fi\/wp-content\/uploads\/2023\/07\/Group-1873@2x.png 932w\" sizes=\"(max-width: 755px) 100vw, 755px\" \/>\t\t\t\t\t\t\t\t\t\t\t\t\t\t\t<\/div>\n\t\t\t\t<\/div>\n\t\t\t\t<\/div>\n\t\t\t\t\t<\/div>\n\t\t\t\t<\/div>\n\t\t\t\t\t<\/div>\n\t\t\t\t<\/div>\n\t\t<div class=\"elementor-element elementor-element-8aba785 e-con-full e-flex e-con e-parent\" data-id=\"8aba785\" data-element_type=\"container\" data-e-type=\"container\" data-settings=\"{&quot;background_background&quot;:&quot;classic&quot;,&quot;jet_parallax_layout_list&quot;:[],&quot;background_motion_fx_motion_fx_scrolling&quot;:&quot;yes&quot;,&quot;background_motion_fx_devices&quot;:[&quot;desktop&quot;,&quot;tablet&quot;,&quot;mobile&quot;]}\">\n\t\t<div class=\"elementor-element elementor-element-b7e779f e-flex e-con-boxed e-con e-child\" data-id=\"b7e779f\" data-element_type=\"container\" data-e-type=\"container\" data-settings=\"{&quot;jet_parallax_layout_list&quot;:[]}\">\n\t\t\t\t\t<div class=\"e-con-inner\">\n\t\t<div class=\"elementor-element elementor-element-76fb229 e-flex e-con-boxed e-con e-child\" data-id=\"76fb229\" data-element_type=\"container\" data-e-type=\"container\" data-settings=\"{&quot;jet_parallax_layout_list&quot;:[]}\">\n\t\t\t\t\t<div class=\"e-con-inner\">\n\t\t\t\t<div class=\"elementor-element elementor-element-b4f3462 elementor-widget elementor-widget-text-editor\" data-id=\"b4f3462\" data-element_type=\"widget\" data-e-type=\"widget\" data-widget_type=\"text-editor.default\">\n\t\t\t\t<div class=\"elementor-widget-container\">\n\t\t\t\t\t\t\t\t\t<p>Suomen SUP-Tuottajayhteis\u00f6 Oy<\/p>\t\t\t\t\t\t\t\t<\/div>\n\t\t\t\t<\/div>\n\t\t\t\t<div class=\"elementor-element elementor-element-45d5498 elementor-widget elementor-widget-heading\" data-id=\"45d5498\" data-element_type=\"widget\" data-e-type=\"widget\" data-widget_type=\"heading.default\">\n\t\t\t\t<div class=\"elementor-widget-container\">\n\t\t\t\t\t<h2 class=\"elementor-heading-title elementor-size-default\">Lains\u00e4\u00e4d\u00e4nt\u00f6\u00f6n perustuva vastuu<\/h2>\t\t\t\t<\/div>\n\t\t\t\t<\/div>\n\t\t\t\t<div class=\"elementor-element elementor-element-e273551 elementor-widget elementor-widget-text-editor\" data-id=\"e273551\" data-element_type=\"widget\" data-e-type=\"widget\" data-widget_type=\"text-editor.default\">\n\t\t\t\t<div class=\"elementor-widget-container\">\n\t\t\t\t\t\t\t\t\t<p>Olemme j\u00e4teasetuksen ja valtioneuvoston p\u00e4\u00e4t\u00f6ksen mukainen tuottajayhteis\u00f6, joka hoitaa tuottajavastuuvelvoitteet siihen rekister\u00f6ityneiden yhti\u00f6iden puolesta.<\/p>\t\t\t\t\t\t\t\t<\/div>\n\t\t\t\t<\/div>\n\t\t\t\t<div class=\"elementor-element elementor-element-178fde2 elementor-mobile-align-center elementor-widget elementor-widget-button\" data-id=\"178fde2\" data-element_type=\"widget\" data-e-type=\"widget\" data-widget_type=\"button.default\">\n\t\t\t\t<div class=\"elementor-widget-container\">\n\t\t\t\t\t\t\t\t\t<div class=\"elementor-button-wrapper\">\n\t\t\t\t\t<a class=\"elementor-button elementor-button-link elementor-size-sm\" href=\"\/yrityksille\/\">\n\t\t\t\t\t\t<span class=\"elementor-button-content-wrapper\">\n\t\t\t\t\t\t\t\t\t<span class=\"elementor-button-text\">Koskeeko tuottajavastuu minua?<\/span>\n\t\t\t\t\t<\/span>\n\t\t\t\t\t<\/a>\n\t\t\t\t<\/div>\n\t\t\t\t\t\t\t\t<\/div>\n\t\t\t\t<\/div>\n\t\t\t\t\t<\/div>\n\t\t\t\t<\/div>\n\t\t<div class=\"elementor-element elementor-element-bfeb3c9 e-flex e-con-boxed e-con e-child\" data-id=\"bfeb3c9\" data-element_type=\"container\" data-e-type=\"container\" data-settings=\"{&quot;jet_parallax_layout_list&quot;:[]}\">\n\t\t\t\t\t<div class=\"e-con-inner\">\n\t\t\t\t<div class=\"elementor-element elementor-element-5bc9deb elementor-widget elementor-widget-image\" data-id=\"5bc9deb\" data-element_type=\"widget\" data-e-type=\"widget\" data-widget_type=\"image.default\">\n\t\t\t\t<div class=\"elementor-widget-container\">\n\t\t\t\t\t\t\t\t\t\t\t\t\t\t\t<img decoding=\"async\" width=\"800\" height=\"617\" src=\"https:\/\/suptuottajat.fi\/wp-content\/uploads\/2023\/11\/Kuva2-1024x790.png\" class=\"attachment-large size-large wp-image-4006\" alt=\"\" srcset=\"https:\/\/suptuottajat.fi\/wp-content\/uploads\/2023\/11\/Kuva2-1024x790.png 1024w, https:\/\/suptuottajat.fi\/wp-content\/uploads\/2023\/11\/Kuva2-300x232.png 300w, https:\/\/suptuottajat.fi\/wp-content\/uploads\/2023\/11\/Kuva2-768x593.png 768w, https:\/\/suptuottajat.fi\/wp-content\/uploads\/2023\/11\/Kuva2-1536x1186.png 1536w, https:\/\/suptuottajat.fi\/wp-content\/uploads\/2023\/11\/Kuva2-16x12.png 16w, https:\/\/suptuottajat.fi\/wp-content\/uploads\/2023\/11\/Kuva2.png 1881w\" sizes=\"(max-width: 800px) 100vw, 800px\" \/>\t\t\t\t\t\t\t\t\t\t\t\t\t\t\t<\/div>\n\t\t\t\t<\/div>\n\t\t\t\t\t<\/div>\n\t\t\t\t<\/div>\n\t\t\t\t\t<\/div>\n\t\t\t\t<\/div>\n\t\t<div class=\"elementor-element elementor-element-0dab4db e-flex e-con-boxed e-con e-child\" data-id=\"0dab4db\" data-element_type=\"container\" data-e-type=\"container\" data-settings=\"{&quot;jet_parallax_layout_list&quot;:[]}\">\n\t\t\t\t\t<div class=\"e-con-inner\">\n\t\t<div class=\"elementor-element elementor-element-e23d79a e-con-full e-flex e-con e-child\" data-id=\"e23d79a\" data-element_type=\"container\" data-e-type=\"container\" data-settings=\"{&quot;jet_parallax_layout_list&quot;:[]}\">\n\t\t\t\t<div class=\"elementor-element elementor-element-99993ec elementor-arrows-position-inside elementor-pagination-position-outside elementor-widget elementor-widget-image-carousel\" data-id=\"99993ec\" data-element_type=\"widget\" data-e-type=\"widget\" data-settings=\"{&quot;slides_to_show&quot;:&quot;1&quot;,&quot;navigation&quot;:&quot;both&quot;,&quot;autoplay&quot;:&quot;yes&quot;,&quot;pause_on_hover&quot;:&quot;yes&quot;,&quot;pause_on_interaction&quot;:&quot;yes&quot;,&quot;autoplay_speed&quot;:5000,&quot;infinite&quot;:&quot;yes&quot;,&quot;effect&quot;:&quot;slide&quot;,&quot;speed&quot;:500}\" data-widget_type=\"image-carousel.default\">\n\t\t\t\t<div class=\"elementor-widget-container\">\n\t\t\t\t\t\t\t<div class=\"elementor-image-carousel-wrapper swiper\" role=\"region\" aria-roledescription=\"carousel\" aria-label=\"Kuvakaruselli\" dir=\"ltr\">\n\t\t\t<div class=\"elementor-image-carousel swiper-wrapper\" aria-live=\"off\">\n\t\t\t\t\t\t\t\t<div class=\"swiper-slide\" role=\"group\" aria-roledescription=\"slide\" aria-label=\"1 of 2\"><figure class=\"swiper-slide-inner\"><img decoding=\"async\" class=\"swiper-slide-image\" src=\"https:\/\/suptuottajat.fi\/wp-content\/uploads\/2023\/07\/1-768x1050.jpg\" alt=\"1\" \/><\/figure><\/div><div class=\"swiper-slide\" role=\"group\" aria-roledescription=\"slide\" aria-label=\"2 of 2\"><figure class=\"swiper-slide-inner\"><img decoding=\"async\" class=\"swiper-slide-image\" src=\"https:\/\/suptuottajat.fi\/wp-content\/uploads\/2023\/07\/Group-1874@2x-2-768x1057.png\" alt=\"Group 1874@2x\" \/><\/figure><\/div>\t\t\t<\/div>\n\t\t\t\t\t\t\t\t\t\t\t\t<div class=\"elementor-swiper-button elementor-swiper-button-prev\" role=\"button\" tabindex=\"0\">\n\t\t\t\t\t\t<i aria-hidden=\"true\" class=\"eicon-chevron-left\"><\/i>\t\t\t\t\t<\/div>\n\t\t\t\t\t<div class=\"elementor-swiper-button elementor-swiper-button-next\" role=\"button\" tabindex=\"0\">\n\t\t\t\t\t\t<i aria-hidden=\"true\" class=\"eicon-chevron-right\"><\/i>\t\t\t\t\t<\/div>\n\t\t\t\t\n\t\t\t\t\t\t\t\t\t<div class=\"swiper-pagination\"><\/div>\n\t\t\t\t\t\t\t\t\t<\/div>\n\t\t\t\t\t\t<\/div>\n\t\t\t\t<\/div>\n\t\t\t\t<\/div>\n\t\t<div class=\"elementor-element elementor-element-01ea704 e-con-full e-flex e-con e-child\" data-id=\"01ea704\" data-element_type=\"container\" data-e-type=\"container\" data-settings=\"{&quot;jet_parallax_layout_list&quot;:[]}\">\n\t\t\t\t<div class=\"elementor-element elementor-element-3e95441 elementor-widget elementor-widget-heading\" data-id=\"3e95441\" data-element_type=\"widget\" data-e-type=\"widget\" data-widget_type=\"heading.default\">\n\t\t\t\t<div class=\"elementor-widget-container\">\n\t\t\t\t\t<h2 class=\"elementor-heading-title elementor-size-default\">Tietoa toiminnasta<\/h2>\t\t\t\t<\/div>\n\t\t\t\t<\/div>\n\t\t\t\t<div class=\"elementor-element elementor-element-d6a0b95 elementor-widget elementor-widget-text-editor\" data-id=\"d6a0b95\" data-element_type=\"widget\" data-e-type=\"widget\" data-widget_type=\"text-editor.default\">\n\t\t\t\t<div class=\"elementor-widget-container\">\n\t\t\t\t\t\t\t\t\t<p>Toimintamme on on yleishy\u00f6dyllist\u00e4 ja voittoa tavoittelematonta. Yhti\u00f6 ei harjoita j\u00e4tteenkuljetustoimintaa tai k\u00e4y kauppaa SUP-tuotteilla.<\/p>\n<p>Yhti\u00f6n toiminta rahoitetaan tuottajavastuumaksuilla. Tuottajat eiv\u00e4t subventoi toisiaan, vaan kukin tuottaja maksaa vain oman osuutensa.<\/p>\n<p>Maksut perustuvat tuottajan markkinoille saattamiin volyymeihin.<\/p>\t\t\t\t\t\t\t\t<\/div>\n\t\t\t\t<\/div>\n\t\t\t\t<div class=\"elementor-element elementor-element-5ccb359 elementor-mobile-align-center elementor-widget elementor-widget-button\" data-id=\"5ccb359\" data-element_type=\"widget\" data-e-type=\"widget\" data-widget_type=\"button.default\">\n\t\t\t\t<div class=\"elementor-widget-container\">\n\t\t\t\t\t\t\t\t\t<div class=\"elementor-button-wrapper\">\n\t\t\t\t\t<a class=\"elementor-button elementor-button-link elementor-size-sm\" href=\"\/tietoa-meista\/\">\n\t\t\t\t\t\t<span class=\"elementor-button-content-wrapper\">\n\t\t\t\t\t\t\t\t\t<span class=\"elementor-button-text\">Lis\u00e4tietoa<\/span>\n\t\t\t\t\t<\/span>\n\t\t\t\t\t<\/a>\n\t\t\t\t<\/div>\n\t\t\t\t\t\t\t\t<\/div>\n\t\t\t\t<\/div>\n\t\t\t\t<\/div>\n\t\t\t\t\t<\/div>\n\t\t\t\t<\/div>\n\t\t\t\t<\/div>\n\t\t<div class=\"elementor-element elementor-element-8604c5a e-flex e-con-boxed e-con e-parent\" data-id=\"8604c5a\" data-element_type=\"container\" data-e-type=\"container\" data-settings=\"{&quot;jet_parallax_layout_list&quot;:[]}\">\n\t\t\t\t\t<div class=\"e-con-inner\">\n\t\t<div class=\"elementor-element elementor-element-5790e7c e-flex e-con-boxed e-con e-child\" data-id=\"5790e7c\" data-element_type=\"container\" data-e-type=\"container\" data-settings=\"{&quot;jet_parallax_layout_list&quot;:[]}\">\n\t\t\t\t\t<div class=\"e-con-inner\">\n\t\t\t\t<div class=\"elementor-element elementor-element-1fdb8b8 elementor-widget elementor-widget-heading\" data-id=\"1fdb8b8\" data-element_type=\"widget\" data-e-type=\"widget\" data-widget_type=\"heading.default\">\n\t\t\t\t<div class=\"elementor-widget-container\">\n\t\t\t\t\t<h2 class=\"elementor-heading-title elementor-size-default\">SUP-Tuottajayhteis\u00f6n uutiset<\/h2>\t\t\t\t<\/div>\n\t\t\t\t<\/div>\n\t\t\t\t<div class=\"elementor-element elementor-element-3af27bf elementor-widget elementor-widget-jet-posts\" data-id=\"3af27bf\" data-element_type=\"widget\" data-e-type=\"widget\" data-settings=\"{&quot;columns_tablet&quot;:&quot;3&quot;,&quot;columns_mobile&quot;:&quot;1&quot;,&quot;columns&quot;:3,&quot;slides_to_scroll&quot;:&quot;1&quot;}\" data-widget_type=\"jet-posts.default\">\n\t\t\t\t<div class=\"elementor-widget-container\">\n\t\t\t\t\t<div class=\"elementor-jet-posts jet-elements\"><div class=\"jet-posts col-row  jet-equal-cols\"><div class=\"jet-posts__item\">\n\t<div class=\"jet-posts__inner-box\"><div class=\"post-thumbnail\"><a href=\"https:\/\/suptuottajat.fi\/keratyt-kalastusvalinemaarat-2025-ensimmainen-kokonaiskuva-ja-merkittava-era-ukrainaan\/\" class=\"post-thumbnail__link\"><img loading=\"lazy\" decoding=\"async\" class=\"post-thumbnail__img wp-post-image\" src=\"https:\/\/suptuottajat.fi\/wp-content\/uploads\/2023\/09\/closeup-of-equipment-for-fishing-with-net-floats-2022-04-05-19-25-25-utc.jpg\" alt=\"Ker\u00e4tyt kalastusv\u00e4linem\u00e4\u00e4r\u00e4t 2025 \u2013 ensimm\u00e4inen kokonaiskuva ja merkitt\u00e4v\u00e4 er\u00e4 Ukrainaan\" loading=\"lazy\" width=\"576\" height=\"384\"><\/a><\/div><div class=\"jet-posts__inner-content\"><h4 class=\"entry-title\"><a href=\"https:\/\/suptuottajat.fi\/keratyt-kalastusvalinemaarat-2025-ensimmainen-kokonaiskuva-ja-merkittava-era-ukrainaan\/\" target=\"\">Ker\u00e4tyt kalastusv\u00e4linem\u00e4\u00e4r\u00e4t 2025 \u2013 ensimm\u00e4inen kokonaiskuva ja merkitt\u00e4v\u00e4 er\u00e4 Ukrainaan<\/a><\/h4><div class=\"post-meta\"><span class=\"post__date post-meta__item\"><a href=\"https:\/\/suptuottajat.fi\/2026\/03\/11\/\"  class=\"post__date-link\" ><time datetime=\"2026-03-11T14:56:29+02:00\" title=\"2026-03-11T14:56:29+02:00\">11\/03\/2026<\/time><\/a><\/span><\/div><div class=\"jet-more-wrap\"><a href=\"https:\/\/suptuottajat.fi\/keratyt-kalastusvalinemaarat-2025-ensimmainen-kokonaiskuva-ja-merkittava-era-ukrainaan\/\" class=\"btn btn-primary elementor-button elementor-size-md jet-more\" target=\"\"><span class=\"btn__text\">Lue koko artikkeli<\/span><span class=\"jet-elements-icon jet-more-icon\"><i aria-hidden=\"true\" class=\"fas fa-arrow-right\"><\/i><\/span><\/a><\/div><\/div><\/div>\n<\/div>\n<div class=\"jet-posts__item\">\n\t<div class=\"jet-posts__inner-box\"><div class=\"post-thumbnail\"><a href=\"https:\/\/suptuottajat.fi\/markkinoille-saatetut-sup-tuotteiden-maarat-2025-ensimmaiset-luvut-yllattivat-suuruudellaan\/\" class=\"post-thumbnail__link\"><img loading=\"lazy\" decoding=\"async\" class=\"post-thumbnail__img wp-post-image\" src=\"https:\/\/suptuottajat.fi\/wp-content\/uploads\/2023\/07\/cropped-Favicon.png\" alt=\"Markkinoille saatetut SUP-tuotteiden m\u00e4\u00e4r\u00e4t 2025 \u2013 ensimm\u00e4iset luvut yll\u00e4ttiv\u00e4t suuruudellaan\" loading=\"lazy\" width=\"512\" height=\"512\"><\/a><\/div><div class=\"jet-posts__inner-content\"><h4 class=\"entry-title\"><a href=\"https:\/\/suptuottajat.fi\/markkinoille-saatetut-sup-tuotteiden-maarat-2025-ensimmaiset-luvut-yllattivat-suuruudellaan\/\" target=\"\">Markkinoille saatetut SUP-tuotteiden m\u00e4\u00e4r\u00e4t 2025 \u2013 ensimm\u00e4iset luvut yll\u00e4ttiv\u00e4t suuruudellaan<\/a><\/h4><div class=\"post-meta\"><span class=\"post__date post-meta__item\"><a href=\"https:\/\/suptuottajat.fi\/2026\/03\/11\/\"  class=\"post__date-link\" ><time datetime=\"2026-03-11T14:46:55+02:00\" title=\"2026-03-11T14:46:55+02:00\">11\/03\/2026<\/time><\/a><\/span><\/div><div class=\"jet-more-wrap\"><a href=\"https:\/\/suptuottajat.fi\/markkinoille-saatetut-sup-tuotteiden-maarat-2025-ensimmaiset-luvut-yllattivat-suuruudellaan\/\" class=\"btn btn-primary elementor-button elementor-size-md jet-more\" target=\"\"><span class=\"btn__text\">Lue koko artikkeli<\/span><span class=\"jet-elements-icon jet-more-icon\"><i aria-hidden=\"true\" class=\"fas fa-arrow-right\"><\/i><\/span><\/a><\/div><\/div><\/div>\n<\/div>\n<div class=\"jet-posts__item\">\n\t<div class=\"jet-posts__inner-box\"><div class=\"post-thumbnail\"><a href=\"https:\/\/suptuottajat.fi\/lausunto-eun-sup-direktiivin-laajaan-arviointiin\/\" class=\"post-thumbnail__link\"><img loading=\"lazy\" decoding=\"async\" class=\"post-thumbnail__img wp-post-image\" src=\"https:\/\/suptuottajat.fi\/wp-content\/uploads\/2023\/04\/Logo-e1706704645461.png\" alt=\"Lausunto EU:n SUP-direktiivin laajaan arviointiin\" loading=\"lazy\" width=\"512\" height=\"115\"><\/a><\/div><div class=\"jet-posts__inner-content\"><h4 class=\"entry-title\"><a href=\"https:\/\/suptuottajat.fi\/lausunto-eun-sup-direktiivin-laajaan-arviointiin\/\" target=\"\">Lausunto EU:n SUP-direktiivin laajaan arviointiin<\/a><\/h4><div class=\"post-meta\"><span class=\"post__date post-meta__item\"><a href=\"https:\/\/suptuottajat.fi\/2026\/03\/11\/\"  class=\"post__date-link\" ><time datetime=\"2026-03-11T13:49:43+02:00\" title=\"2026-03-11T13:49:43+02:00\">11\/03\/2026<\/time><\/a><\/span><\/div><div class=\"jet-more-wrap\"><a href=\"https:\/\/suptuottajat.fi\/lausunto-eun-sup-direktiivin-laajaan-arviointiin\/\" class=\"btn btn-primary elementor-button elementor-size-md jet-more\" target=\"\"><span class=\"btn__text\">Lue koko artikkeli<\/span><span class=\"jet-elements-icon jet-more-icon\"><i aria-hidden=\"true\" class=\"fas fa-arrow-right\"><\/i><\/span><\/a><\/div><\/div><\/div>\n<\/div>\n<\/div>\n<\/div>\t\t\t\t<\/div>\n\t\t\t\t<\/div>\n\t\t\t\t\t<\/div>\n\t\t\t\t<\/div>\n\t\t\t\t\t<\/div>\n\t\t\t\t<\/div>\n\t\t<div class=\"elementor-element elementor-element-36d0b86 elementor-hidden-desktop elementor-hidden-tablet elementor-hidden-mobile e-flex e-con-boxed e-con e-parent\" data-id=\"36d0b86\" data-element_type=\"container\" data-e-type=\"container\" data-settings=\"{&quot;background_background&quot;:&quot;classic&quot;,&quot;jet_parallax_layout_list&quot;:[]}\">\n\t\t\t\t\t<div class=\"e-con-inner\">\n\t\t<div class=\"elementor-element elementor-element-118b544 e-flex e-con-boxed e-con e-child\" data-id=\"118b544\" data-element_type=\"container\" data-e-type=\"container\" data-settings=\"{&quot;background_background&quot;:&quot;gradient&quot;,&quot;jet_parallax_layout_list&quot;:[]}\">\n\t\t\t\t\t<div class=\"e-con-inner\">\n\t\t\t\t<div class=\"elementor-element elementor-element-af1ff54 elementor-widget elementor-widget-heading\" data-id=\"af1ff54\" data-element_type=\"widget\" data-e-type=\"widget\" data-widget_type=\"heading.default\">\n\t\t\t\t<div class=\"elementor-widget-container\">\n\t\t\t\t\t<h2 class=\"elementor-heading-title elementor-size-default\">Rekister\u00f6idy saadaksesi<br \/>\nuutiskirjeen<\/h2>\t\t\t\t<\/div>\n\t\t\t\t<\/div>\n\t\t\t\t<div class=\"elementor-element elementor-element-de35f67 elementor-widget elementor-widget-jet-subscribe-form\" data-id=\"de35f67\" data-element_type=\"widget\" data-e-type=\"widget\" data-widget_type=\"jet-subscribe-form.default\">\n\t\t\t\t<div class=\"elementor-widget-container\">\n\t\t\t\t\t<div class=\"elementor-jet-subscribe-form jet-elements\"><div class=\"jet-subscribe-form jet-subscribe-form--inline-layout\" data-settings=\"{&quot;redirect&quot;:false,&quot;redirect_url&quot;:&quot;#&quot;,&quot;use_target_list_id&quot;:false,&quot;target_list_id&quot;:&quot;&quot;}\">\n\t<form method=\"POST\" action=\"#\" class=\"jet-subscribe-form__form\">\n\t\t<div class=\"jet-subscribe-form__input-group\">\n\t\t\t<div class=\"jet-subscribe-form__fields\">\n\t\t\t\t<input class=\"jet-subscribe-form__input jet-subscribe-form__mail-field\" type=\"email\" name=\"email\" placeholder=\"Kirjoita s\u00e4hk\u00f6postiosoitteesi t\u00e4h\u00e4n...\" data-instance-data=\"[]\"><\/div>\n\t\t\t<a class=\"jet-subscribe-form__submit elementor-button elementor-size-md\" href=\"#\"><span class=\"jet-subscribe-form__submit-text\">L\u00e4het\u00e4<\/span><\/a>\t\t<\/div>\n\t\t<div class=\"jet-subscribe-form__message\"><div class=\"jet-subscribe-form__message-inner\"><span><\/span><\/div><\/div>\n\t<\/form>\n<\/div>\n<\/div>\t\t\t\t<\/div>\n\t\t\t\t<\/div>\n\t\t\t\t\t<\/div>\n\t\t\t\t<\/div>\n\t\t\t\t\t<\/div>\n\t\t\t\t<\/div>\n\t\t<div class=\"elementor-element elementor-element-507aef3 e-flex e-con-boxed e-con e-parent\" data-id=\"507aef3\" data-element_type=\"container\" data-e-type=\"container\" data-settings=\"{&quot;jet_parallax_layout_list&quot;:[]}\">\n\t\t\t\t\t<div class=\"e-con-inner\">\n\t\t\t\t\t<\/div>\n\t\t\t\t<\/div>\n\t\t<div class=\"elementor-element elementor-element-2eb5fec e-flex e-con-boxed e-con e-parent\" data-id=\"2eb5fec\" data-element_type=\"container\" data-e-type=\"container\" data-settings=\"{&quot;jet_parallax_layout_list&quot;:[]}\">\n\t\t\t\t\t<div class=\"e-con-inner\">\n\t\t\t\t\t<\/div>\n\t\t\t\t<\/div>\n\t\t\t\t<\/div>\n\t\t","protected":false},"excerpt":{"rendered":"<p>Suomen SUP- Tuottajayhteis\u00f6 Oy Olemme vuonna 2022 perustettu tuottajavastuuyhti\u00f6, joka vastaa ilmapallojen, kalastusv\u00e4lineiden, kosteuspyyhkeiden ja tupakkatuotteiden SUP-direktiivin toimeenpanosta Suomessa. Yhti\u00f6 on hyv\u00e4ksytty tuottajarekisteriin ilmapallojen, kalastusv\u00e4lineiden, kosteuspyyhkeiden ja tupakkatuotteiden osalta.&nbsp; Suomen SUP-Tuottajayhteis\u00f6 Oy Lains\u00e4\u00e4d\u00e4nt\u00f6\u00f6n perustuva vastuu Olemme j\u00e4teasetuksen ja valtioneuvoston p\u00e4\u00e4t\u00f6ksen mukainen tuottajayhteis\u00f6, joka hoitaa tuottajavastuuvelvoitteet siihen rekister\u00f6ityneiden yhti\u00f6iden puolesta. Koskeeko tuottajavastuu minua? Tietoa toiminnasta Toimintamme [&hellip;]<\/p>\n","protected":false},"author":1,"featured_media":0,"parent":0,"menu_order":0,"comment_status":"closed","ping_status":"closed","template":"","meta":{"iawp_total_views":5462,"footnotes":""},"class_list":["post-25","page","type-page","status-publish","hentry"],"_links":{"self":[{"href":"https:\/\/suptuottajat.fi\/en\/wp-json\/wp\/v2\/pages\/25","targetHints":{"allow":["GET"]}}],"collection":[{"href":"https:\/\/suptuottajat.fi\/en\/wp-json\/wp\/v2\/pages"}],"about":[{"href":"https:\/\/suptuottajat.fi\/en\/wp-json\/wp\/v2\/types\/page"}],"author":[{"embeddable":true,"href":"https:\/\/suptuottajat.fi\/en\/wp-json\/wp\/v2\/users\/1"}],"replies":[{"embeddable":true,"href":"https:\/\/suptuottajat.fi\/en\/wp-json\/wp\/v2\/comments?post=25"}],"version-history":[{"count":0,"href":"https:\/\/suptuottajat.fi\/en\/wp-json\/wp\/v2\/pages\/25\/revisions"}],"wp:attachment":[{"href":"https:\/\/suptuottajat.fi\/en\/wp-json\/wp\/v2\/media?parent=25"}],"curies":[{"name":"wp","href":"https:\/\/api.w.org\/{rel}","templated":true}]}}