{"id":2556,"date":"2023-07-11T19:07:16","date_gmt":"2023-07-11T19:07:16","guid":{"rendered":"https:\/\/suptuottajat.fi\/?page_id=2556"},"modified":"2024-03-07T14:44:01","modified_gmt":"2024-03-07T12:44:01","slug":"tupakat","status":"publish","type":"page","link":"https:\/\/suptuottajat.fi\/en\/yrityksille\/tupakat\/","title":{"rendered":"Tobacco products"},"content":{"rendered":"<div data-elementor-type=\"wp-page\" data-elementor-id=\"2556\" class=\"elementor elementor-2556\" data-elementor-post-type=\"page\">\n\t\t\t\t<div class=\"elementor-element elementor-element-55cebac e-flex e-con-boxed e-con e-parent\" data-id=\"55cebac\" data-element_type=\"container\" data-e-type=\"container\" data-settings=\"{&quot;background_background&quot;:&quot;classic&quot;,&quot;jet_parallax_layout_list&quot;:[]}\">\n\t\t\t\t\t<div class=\"e-con-inner\">\n\t\t\t\t<div class=\"elementor-element elementor-element-2e9951f elementor-widget elementor-widget-heading\" data-id=\"2e9951f\" data-element_type=\"widget\" data-e-type=\"widget\" data-widget_type=\"heading.default\">\n\t\t\t\t<div class=\"elementor-widget-container\">\n\t\t\t\t\t<h2 class=\"elementor-heading-title elementor-size-default\">Tobacco products<\/h2>\t\t\t\t<\/div>\n\t\t\t\t<\/div>\n\t\t\t\t\t<\/div>\n\t\t\t\t<\/div>\n\t\t<div class=\"elementor-element elementor-element-ff28459 e-flex e-con-boxed e-con e-parent\" data-id=\"ff28459\" data-element_type=\"container\" data-e-type=\"container\" data-settings=\"{&quot;jet_parallax_layout_list&quot;:[],&quot;background_background&quot;:&quot;classic&quot;}\">\n\t\t\t\t\t<div class=\"e-con-inner\">\n\t\t<div class=\"elementor-element elementor-element-ac199aa e-con-full e-flex e-con e-child\" data-id=\"ac199aa\" data-element_type=\"container\" data-e-type=\"container\" data-settings=\"{&quot;jet_parallax_layout_list&quot;:[]}\">\n\t\t\t\t<div class=\"elementor-element elementor-element-7e85a93 elementor-widget elementor-widget-jet-breadcrumbs\" data-id=\"7e85a93\" data-element_type=\"widget\" data-e-type=\"widget\" data-widget_type=\"jet-breadcrumbs.default\">\n\t\t\t\t<div class=\"elementor-widget-container\">\n\t\t\t\t\t<div class=\"elementor-jet-breadcrumbs jet-blocks\">\n\t\t<div class=\"jet-breadcrumbs\">\n\t\t<div class=\"jet-breadcrumbs__content\">\n\t\t<div class=\"jet-breadcrumbs__wrap\"><div class=\"jet-breadcrumbs__item\"><a href=\"https:\/\/suptuottajat.fi\/en\/\" class=\"jet-breadcrumbs__item-link is-home\" rel=\"home\" title=\"Etusivu\">Etusivu<\/a><\/div>\n\t\t<\/div>\n\t\t<\/div>\n\t\t<\/div><\/div>\t\t\t\t<\/div>\n\t\t\t\t<\/div>\n\t\t\t\t<div class=\"elementor-element elementor-element-e857db7 elementor-widget elementor-widget-heading\" data-id=\"e857db7\" data-element_type=\"widget\" data-e-type=\"widget\" data-widget_type=\"heading.default\">\n\t\t\t\t<div class=\"elementor-widget-container\">\n\t\t\t\t\t<h2 class=\"elementor-heading-title elementor-size-default\">Tobacco products<\/h2>\t\t\t\t<\/div>\n\t\t\t\t<\/div>\n\t\t\t\t<div class=\"elementor-element elementor-element-4088c80 elementor-widget elementor-widget-text-editor\" data-id=\"4088c80\" data-element_type=\"widget\" data-e-type=\"widget\" data-widget_type=\"text-editor.default\">\n\t\t\t\t<div class=\"elementor-widget-container\">\n\t\t\t\t\t\t\t\t\t<p>The term 'tobacco product' refers to a tobacco product as defined in Section 2(1) of the Tobacco Act (549\/2016). Producer responsibility applies, regardless of the sales method, to single-use plastic products containing filter-tipped tobacco products and tobacco filters, with the the manufacturer or importer of the product being considered as the producer. The producer's cost responsibility applies from January 1, 2023.<\/p>\t\t\t\t\t\t\t\t<\/div>\n\t\t\t\t<\/div>\n\t\t\t\t<\/div>\n\t\t<div class=\"elementor-element elementor-element-afa7d80 e-con-full e-flex e-con e-child\" data-id=\"afa7d80\" data-element_type=\"container\" data-e-type=\"container\" data-settings=\"{&quot;jet_parallax_layout_list&quot;:[]}\">\n\t\t\t\t<div class=\"elementor-element elementor-element-b14986b elementor-widget elementor-widget-image\" data-id=\"b14986b\" data-element_type=\"widget\" data-e-type=\"widget\" data-widget_type=\"image.default\">\n\t\t\t\t<div class=\"elementor-widget-container\">\n\t\t\t\t\t\t\t\t\t\t\t\t\t\t\t<img fetchpriority=\"high\" decoding=\"async\" width=\"800\" height=\"588\" src=\"https:\/\/suptuottajat.fi\/wp-content\/uploads\/2023\/07\/Tupakat_2.png\" class=\"attachment-large size-large wp-image-2897\" alt=\"\" srcset=\"https:\/\/suptuottajat.fi\/wp-content\/uploads\/2023\/07\/Tupakat_2.png 987w, https:\/\/suptuottajat.fi\/wp-content\/uploads\/2023\/07\/Tupakat_2-300x220.png 300w, https:\/\/suptuottajat.fi\/wp-content\/uploads\/2023\/07\/Tupakat_2-768x564.png 768w\" sizes=\"(max-width: 800px) 100vw, 800px\" \/>\t\t\t\t\t\t\t\t\t\t\t\t\t\t\t<\/div>\n\t\t\t\t<\/div>\n\t\t\t\t<\/div>\n\t\t\t\t\t<\/div>\n\t\t\t\t<\/div>\n\t\t<div class=\"elementor-element elementor-element-e99eade e-flex e-con-boxed e-con e-parent\" data-id=\"e99eade\" data-element_type=\"container\" data-e-type=\"container\" data-settings=\"{&quot;jet_parallax_layout_list&quot;:[]}\">\n\t\t\t\t\t<div class=\"e-con-inner\">\n\t\t<div class=\"elementor-element elementor-element-8e5f219 e-con-full e-flex e-con e-child\" data-id=\"8e5f219\" data-element_type=\"container\" data-e-type=\"container\" data-settings=\"{&quot;jet_parallax_layout_list&quot;:[],&quot;background_background&quot;:&quot;classic&quot;}\">\n\t\t\t\t<div class=\"elementor-element elementor-element-a5dfff8 elementor-widget elementor-widget-image\" data-id=\"a5dfff8\" data-element_type=\"widget\" data-e-type=\"widget\" data-widget_type=\"image.default\">\n\t\t\t\t<div class=\"elementor-widget-container\">\n\t\t\t\t\t\t\t\t\t\t\t\t\t\t\t<img decoding=\"async\" width=\"918\" height=\"1184\" src=\"https:\/\/suptuottajat.fi\/wp-content\/uploads\/2023\/07\/Tupakat_3.png\" class=\"attachment-full size-full wp-image-2896\" alt=\"\" srcset=\"https:\/\/suptuottajat.fi\/wp-content\/uploads\/2023\/07\/Tupakat_3.png 918w, https:\/\/suptuottajat.fi\/wp-content\/uploads\/2023\/07\/Tupakat_3-233x300.png 233w, https:\/\/suptuottajat.fi\/wp-content\/uploads\/2023\/07\/Tupakat_3-794x1024.png 794w, https:\/\/suptuottajat.fi\/wp-content\/uploads\/2023\/07\/Tupakat_3-768x991.png 768w\" sizes=\"(max-width: 918px) 100vw, 918px\" \/>\t\t\t\t\t\t\t\t\t\t\t\t\t\t\t<\/div>\n\t\t\t\t<\/div>\n\t\t\t\t<div class=\"elementor-element elementor-element-90ea017 elementor-absolute elementor-widget elementor-widget-image\" data-id=\"90ea017\" data-element_type=\"widget\" data-e-type=\"widget\" data-settings=\"{&quot;_position&quot;:&quot;absolute&quot;}\" data-widget_type=\"image.default\">\n\t\t\t\t<div class=\"elementor-widget-container\">\n\t\t\t\t\t\t\t\t\t\t\t\t\t\t\t<img decoding=\"async\" width=\"654\" height=\"667\" src=\"https:\/\/suptuottajat.fi\/wp-content\/uploads\/2023\/07\/Shadow.png\" class=\"attachment-full size-full wp-image-1770\" alt=\"\" srcset=\"https:\/\/suptuottajat.fi\/wp-content\/uploads\/2023\/07\/Shadow.png 654w, https:\/\/suptuottajat.fi\/wp-content\/uploads\/2023\/07\/Shadow-294x300.png 294w\" sizes=\"(max-width: 654px) 100vw, 654px\" \/>\t\t\t\t\t\t\t\t\t\t\t\t\t\t\t<\/div>\n\t\t\t\t<\/div>\n\t\t\t\t<\/div>\n\t\t<div class=\"elementor-element elementor-element-db4f7dd e-con-full e-flex e-con e-child\" data-id=\"db4f7dd\" data-element_type=\"container\" data-e-type=\"container\" data-settings=\"{&quot;jet_parallax_layout_list&quot;:[]}\">\n\t\t\t\t<div class=\"elementor-element elementor-element-7549f67 elementor-widget elementor-widget-text-editor\" data-id=\"7549f67\" data-element_type=\"widget\" data-e-type=\"widget\" data-widget_type=\"text-editor.default\">\n\t\t\t\t<div class=\"elementor-widget-container\">\n\t\t\t\t\t\t\t\t\t<p>Producers of filtered tobacco products and tobacco filters containing plastic must bear the following costs incurred for the municipality:<\/p><p>1) costs due to organization of waste collection, transportation and processing aimed at preventing littering caused by these products, including collection containers specifically designated for tobacco waste;<\/p><p>2) costs due to the cleaning of litter resulting from these products and the transportation and processing of the this litter;<\/p><p>3) costs due to providing information and guidance on prevention of littering and on measures mentioned in points 1 and 2 above. The communication and guidance are implemented by the municipalities. According to the composition study, the cleaning and collection cost responsibility of tobacco producers for the years 2023-2025 is 11.5% of the cleaning and collection costs. The costs related to container investments and communication are not known.<\/p>\t\t\t\t\t\t\t\t<\/div>\n\t\t\t\t<\/div>\n\t\t\t\t<div class=\"elementor-element elementor-element-d50ab17 elementor-mobile-align-center elementor-widget elementor-widget-button\" data-id=\"d50ab17\" data-element_type=\"widget\" data-e-type=\"widget\" data-widget_type=\"button.default\">\n\t\t\t\t<div class=\"elementor-widget-container\">\n\t\t\t\t\t\t\t\t\t<div class=\"elementor-button-wrapper\">\n\t\t\t\t\t<a class=\"elementor-button elementor-button-link elementor-size-sm\" href=\"\/en\/yrityksille\/#mista-sup-tuotteista-vastaamme-tab\">\n\t\t\t\t\t\t<span class=\"elementor-button-content-wrapper\">\n\t\t\t\t\t\t\t\t\t<span class=\"elementor-button-text\">Back<\/span>\n\t\t\t\t\t<\/span>\n\t\t\t\t\t<\/a>\n\t\t\t\t<\/div>\n\t\t\t\t\t\t\t\t<\/div>\n\t\t\t\t<\/div>\n\t\t\t\t<\/div>\n\t\t\t\t\t<\/div>\n\t\t\t\t<\/div>\n\t\t<div class=\"elementor-element elementor-element-fcf8155 e-con-full elementor-hidden-desktop elementor-hidden-tablet elementor-hidden-mobile e-flex e-con e-parent\" data-id=\"fcf8155\" data-element_type=\"container\" data-e-type=\"container\" data-settings=\"{&quot;jet_parallax_layout_list&quot;:[]}\">\n\t\t\t\t<div class=\"elementor-element elementor-element-a770eaf elementor-widget elementor-widget-template\" data-id=\"a770eaf\" data-element_type=\"widget\" data-e-type=\"widget\" data-widget_type=\"template.default\">\n\t\t\t\t<div class=\"elementor-widget-container\">\n\t\t\t\t\t\t\t<div class=\"elementor-template\">\n\t\t\t\t\t<div data-elementor-type=\"container\" data-elementor-id=\"1690\" class=\"elementor elementor-1690\" data-elementor-post-type=\"elementor_library\">\n\t\t\t\t<div class=\"elementor-element elementor-element-397a4472 e-flex e-con-boxed e-con e-parent\" data-id=\"397a4472\" data-element_type=\"container\" data-e-type=\"container\" data-settings=\"{&quot;jet_parallax_layout_list&quot;:[]}\">\n\t\t\t\t\t<div class=\"e-con-inner\">\n\t\t<div class=\"elementor-element elementor-element-7cd8ea9a e-flex e-con-boxed e-con e-parent\" data-id=\"7cd8ea9a\" data-element_type=\"container\" data-e-type=\"container\" data-settings=\"{&quot;background_background&quot;:&quot;gradient&quot;,&quot;jet_parallax_layout_list&quot;:[]}\">\n\t\t\t\t\t<div class=\"e-con-inner\">\n\t\t<div class=\"elementor-element elementor-element-5e7c77dd e-con-full e-flex e-con e-parent\" data-id=\"5e7c77dd\" data-element_type=\"container\" data-e-type=\"container\" data-settings=\"{&quot;jet_parallax_layout_list&quot;:[]}\">\n\t\t\t\t<div class=\"elementor-element elementor-element-f45f033 elementor-widget elementor-widget-heading\" data-id=\"f45f033\" data-element_type=\"widget\" data-e-type=\"widget\" data-widget_type=\"heading.default\">\n\t\t\t\t<div class=\"elementor-widget-container\">\n\t\t\t\t\t<h2 class=\"elementor-heading-title elementor-size-default\">Tietoa Toiminnasta &amp; Mission Ja Tavoitteet<\/h2>\t\t\t\t<\/div>\n\t\t\t\t<\/div>\n\t\t\t\t<div class=\"elementor-element elementor-element-7c0065b0 elementor-widget elementor-widget-text-editor\" data-id=\"7c0065b0\" data-element_type=\"widget\" data-e-type=\"widget\" data-widget_type=\"text-editor.default\">\n\t\t\t\t<div class=\"elementor-widget-container\">\n\t\t\t\t\t\t\t\t\t<p>Volutpat consequat mauris nunc congue nisi vitae. Egestas congue quisque egestas diam in arcu cursus.<\/p><ol><li>At erat pellentesque adipiscing commodo elit at imperdiet dui accumsan. Enim sed faucibus turpis in eu mi bibendum neque.<br \/><br \/><\/li><li>At erat pellentesque adipiscing commodo elit at imperdiet dui accumsan. Enim sed faucibus turpis in eu mi bibendum neque.<br \/><br \/><\/li><li>At erat pellentesque adipiscing commodo elit at imperdiet dui accumsan. Enim sed faucibus turpis in eu mi bibendum neque.<\/li><\/ol>\t\t\t\t\t\t\t\t<\/div>\n\t\t\t\t<\/div>\n\t\t\t\t<\/div>\n\t\t<div class=\"elementor-element elementor-element-2a7e6272 e-con-full e-flex e-con e-parent\" data-id=\"2a7e6272\" data-element_type=\"container\" data-e-type=\"container\" data-settings=\"{&quot;jet_parallax_layout_list&quot;:[]}\">\n\t\t\t\t<div class=\"elementor-element elementor-element-253b251a elementor-widget elementor-widget-image\" data-id=\"253b251a\" data-element_type=\"widget\" data-e-type=\"widget\" data-widget_type=\"image.default\">\n\t\t\t\t<div class=\"elementor-widget-container\">\n\t\t\t\t\t\t\t\t\t\t\t\t\t\t\t<img loading=\"lazy\" decoding=\"async\" width=\"433\" height=\"473\" src=\"https:\/\/suptuottajat.fi\/wp-content\/uploads\/2023\/07\/Group-1862.png\" class=\"attachment-full size-full wp-image-1568\" alt=\"\" srcset=\"https:\/\/suptuottajat.fi\/wp-content\/uploads\/2023\/07\/Group-1862.png 433w, https:\/\/suptuottajat.fi\/wp-content\/uploads\/2023\/07\/Group-1862-275x300.png 275w\" sizes=\"(max-width: 433px) 100vw, 433px\" \/>\t\t\t\t\t\t\t\t\t\t\t\t\t\t\t<\/div>\n\t\t\t\t<\/div>\n\t\t\t\t<\/div>\n\t\t\t\t\t<\/div>\n\t\t\t\t<\/div>\n\t\t\t\t\t<\/div>\n\t\t\t\t<\/div>\n\t\t\t\t<\/div>\n\t\t\t\t<\/div>\n\t\t\t\t\t\t<\/div>\n\t\t\t\t<\/div>\n\t\t\t\t<\/div>\n\t\t<div class=\"elementor-element elementor-element-d430d35 e-con-full elementor-hidden-desktop elementor-hidden-tablet elementor-hidden-mobile e-flex e-con e-parent\" data-id=\"d430d35\" data-element_type=\"container\" data-e-type=\"container\" data-settings=\"{&quot;jet_parallax_layout_list&quot;:[]}\">\n\t\t\t\t<div class=\"elementor-element elementor-element-4746309 elementor-widget elementor-widget-template\" data-id=\"4746309\" data-element_type=\"widget\" data-e-type=\"widget\" data-widget_type=\"template.default\">\n\t\t\t\t<div class=\"elementor-widget-container\">\n\t\t\t\t\t\t\t<div class=\"elementor-template\">\n\t\t\t\t\t<div data-elementor-type=\"container\" data-elementor-id=\"1681\" class=\"elementor elementor-1681\" data-elementor-post-type=\"elementor_library\">\n\t\t\t\t<div class=\"elementor-element elementor-element-3fc8bc9b e-flex e-con-boxed e-con e-parent\" data-id=\"3fc8bc9b\" data-element_type=\"container\" data-e-type=\"container\" data-settings=\"{&quot;jet_parallax_layout_list&quot;:[]}\">\n\t\t\t\t\t<div class=\"e-con-inner\">\n\t\t\t\t<div class=\"elementor-element elementor-element-c9cad75 elementor-widget elementor-widget-heading\" data-id=\"c9cad75\" data-element_type=\"widget\" data-e-type=\"widget\" data-widget_type=\"heading.default\">\n\t\t\t\t<div class=\"elementor-widget-container\">\n\t\t\t\t\t<h2 class=\"elementor-heading-title elementor-size-default\">Linkkej\u00e4<\/h2>\t\t\t\t<\/div>\n\t\t\t\t<\/div>\n\t\t<div class=\"elementor-element elementor-element-4327e068 e-flex e-con-boxed e-con e-parent\" data-id=\"4327e068\" data-element_type=\"container\" data-e-type=\"container\" data-settings=\"{&quot;jet_parallax_layout_list&quot;:[]}\">\n\t\t\t\t\t<div class=\"e-con-inner\">\n\t\t<div class=\"elementor-element elementor-element-2c337544 e-con-full e-flex e-con e-parent\" data-id=\"2c337544\" data-element_type=\"container\" data-e-type=\"container\" data-settings=\"{&quot;jet_parallax_layout_list&quot;:[]}\">\n\t\t\t\t<div class=\"elementor-element elementor-element-6492b822 elementor-icon-list--layout-traditional elementor-list-item-link-full_width elementor-widget elementor-widget-icon-list\" data-id=\"6492b822\" data-element_type=\"widget\" data-e-type=\"widget\" data-widget_type=\"icon-list.default\">\n\t\t\t\t<div class=\"elementor-widget-container\">\n\t\t\t\t\t\t\t<ul class=\"elementor-icon-list-items\">\n\t\t\t\t\t\t\t<li class=\"elementor-icon-list-item\">\n\t\t\t\t\t\t\t\t\t\t\t<span class=\"elementor-icon-list-icon\">\n\t\t\t\t\t\t\t<svg xmlns=\"http:\/\/www.w3.org\/2000\/svg\" width=\"63.889\" height=\"8.479\" viewbox=\"0 0 63.889 8.479\"><path id=\"Path_916\" data-name=\"Path 916\" d=\"M428.52,3704.35a.492.492,0,0,0,0-.7l-3.182-3.19a.51.51,0,0,0-.707,0,.5.5,0,0,0,0,.71l2.829,2.83-2.829,2.83a.5.5,0,0,0,0,.71.51.51,0,0,0,.707,0Zm-62.743-.35,62.39.5v-1l-62.39-.5Z\" transform=\"translate(-365.277 -3699.761)\" fill=\"#0083df\" stroke=\"#0083df\" stroke-width=\"1\"><\/path><\/svg>\t\t\t\t\t\t<\/span>\n\t\t\t\t\t\t\t\t\t\t<span class=\"elementor-icon-list-text\">Lorem ipsum dolor sit amet, consectetur adipiscing elit,<\/span>\n\t\t\t\t\t\t\t\t\t<\/li>\n\t\t\t\t\t\t\t\t<li class=\"elementor-icon-list-item\">\n\t\t\t\t\t\t\t\t\t\t\t<span class=\"elementor-icon-list-icon\">\n\t\t\t\t\t\t\t<svg xmlns=\"http:\/\/www.w3.org\/2000\/svg\" width=\"63.889\" height=\"8.479\" viewbox=\"0 0 63.889 8.479\"><path id=\"Path_916\" data-name=\"Path 916\" d=\"M428.52,3704.35a.492.492,0,0,0,0-.7l-3.182-3.19a.51.51,0,0,0-.707,0,.5.5,0,0,0,0,.71l2.829,2.83-2.829,2.83a.5.5,0,0,0,0,.71.51.51,0,0,0,.707,0Zm-62.743-.35,62.39.5v-1l-62.39-.5Z\" transform=\"translate(-365.277 -3699.761)\" fill=\"#0083df\" stroke=\"#0083df\" stroke-width=\"1\"><\/path><\/svg>\t\t\t\t\t\t<\/span>\n\t\t\t\t\t\t\t\t\t\t<span class=\"elementor-icon-list-text\">Lorem ipsum dolor sit amet, consectetur adipiscing elit,<\/span>\n\t\t\t\t\t\t\t\t\t<\/li>\n\t\t\t\t\t\t\t\t<li class=\"elementor-icon-list-item\">\n\t\t\t\t\t\t\t\t\t\t\t<span class=\"elementor-icon-list-icon\">\n\t\t\t\t\t\t\t<svg xmlns=\"http:\/\/www.w3.org\/2000\/svg\" width=\"63.889\" height=\"8.479\" viewbox=\"0 0 63.889 8.479\"><path id=\"Path_916\" data-name=\"Path 916\" d=\"M428.52,3704.35a.492.492,0,0,0,0-.7l-3.182-3.19a.51.51,0,0,0-.707,0,.5.5,0,0,0,0,.71l2.829,2.83-2.829,2.83a.5.5,0,0,0,0,.71.51.51,0,0,0,.707,0Zm-62.743-.35,62.39.5v-1l-62.39-.5Z\" transform=\"translate(-365.277 -3699.761)\" fill=\"#0083df\" stroke=\"#0083df\" stroke-width=\"1\"><\/path><\/svg>\t\t\t\t\t\t<\/span>\n\t\t\t\t\t\t\t\t\t\t<span class=\"elementor-icon-list-text\">Lorem ipsum dolor sit amet, consectetur adipiscing elit,<\/span>\n\t\t\t\t\t\t\t\t\t<\/li>\n\t\t\t\t\t\t\t\t<li class=\"elementor-icon-list-item\">\n\t\t\t\t\t\t\t\t\t\t\t<span class=\"elementor-icon-list-icon\">\n\t\t\t\t\t\t\t<svg xmlns=\"http:\/\/www.w3.org\/2000\/svg\" width=\"63.889\" height=\"8.479\" viewbox=\"0 0 63.889 8.479\"><path id=\"Path_916\" data-name=\"Path 916\" d=\"M428.52,3704.35a.492.492,0,0,0,0-.7l-3.182-3.19a.51.51,0,0,0-.707,0,.5.5,0,0,0,0,.71l2.829,2.83-2.829,2.83a.5.5,0,0,0,0,.71.51.51,0,0,0,.707,0Zm-62.743-.35,62.39.5v-1l-62.39-.5Z\" transform=\"translate(-365.277 -3699.761)\" fill=\"#0083df\" stroke=\"#0083df\" stroke-width=\"1\"><\/path><\/svg>\t\t\t\t\t\t<\/span>\n\t\t\t\t\t\t\t\t\t\t<span class=\"elementor-icon-list-text\">Lorem ipsum dolor sit amet, consectetur adipiscing elit,<\/span>\n\t\t\t\t\t\t\t\t\t<\/li>\n\t\t\t\t\t\t\t\t<li class=\"elementor-icon-list-item\">\n\t\t\t\t\t\t\t\t\t\t\t<span class=\"elementor-icon-list-icon\">\n\t\t\t\t\t\t\t<svg xmlns=\"http:\/\/www.w3.org\/2000\/svg\" width=\"63.889\" height=\"8.479\" viewbox=\"0 0 63.889 8.479\"><path id=\"Path_916\" data-name=\"Path 916\" d=\"M428.52,3704.35a.492.492,0,0,0,0-.7l-3.182-3.19a.51.51,0,0,0-.707,0,.5.5,0,0,0,0,.71l2.829,2.83-2.829,2.83a.5.5,0,0,0,0,.71.51.51,0,0,0,.707,0Zm-62.743-.35,62.39.5v-1l-62.39-.5Z\" transform=\"translate(-365.277 -3699.761)\" fill=\"#0083df\" stroke=\"#0083df\" stroke-width=\"1\"><\/path><\/svg>\t\t\t\t\t\t<\/span>\n\t\t\t\t\t\t\t\t\t\t<span class=\"elementor-icon-list-text\">Lorem ipsum dolor sit amet, consectetur adipiscing elit,<\/span>\n\t\t\t\t\t\t\t\t\t<\/li>\n\t\t\t\t\t\t<\/ul>\n\t\t\t\t\t\t<\/div>\n\t\t\t\t<\/div>\n\t\t\t\t<\/div>\n\t\t<div class=\"elementor-element elementor-element-2ca1987 e-con-full e-flex e-con e-parent\" data-id=\"2ca1987\" data-element_type=\"container\" data-e-type=\"container\" data-settings=\"{&quot;jet_parallax_layout_list&quot;:[]}\">\n\t\t\t\t<div class=\"elementor-element elementor-element-59645abb elementor-icon-list--layout-traditional elementor-list-item-link-full_width elementor-widget elementor-widget-icon-list\" data-id=\"59645abb\" data-element_type=\"widget\" data-e-type=\"widget\" data-widget_type=\"icon-list.default\">\n\t\t\t\t<div class=\"elementor-widget-container\">\n\t\t\t\t\t\t\t<ul class=\"elementor-icon-list-items\">\n\t\t\t\t\t\t\t<li class=\"elementor-icon-list-item\">\n\t\t\t\t\t\t\t\t\t\t\t<span class=\"elementor-icon-list-icon\">\n\t\t\t\t\t\t\t<svg xmlns=\"http:\/\/www.w3.org\/2000\/svg\" width=\"63.889\" height=\"8.479\" viewbox=\"0 0 63.889 8.479\"><path id=\"Path_916\" data-name=\"Path 916\" d=\"M428.52,3704.35a.492.492,0,0,0,0-.7l-3.182-3.19a.51.51,0,0,0-.707,0,.5.5,0,0,0,0,.71l2.829,2.83-2.829,2.83a.5.5,0,0,0,0,.71.51.51,0,0,0,.707,0Zm-62.743-.35,62.39.5v-1l-62.39-.5Z\" transform=\"translate(-365.277 -3699.761)\" fill=\"#0083df\" stroke=\"#0083df\" stroke-width=\"1\"><\/path><\/svg>\t\t\t\t\t\t<\/span>\n\t\t\t\t\t\t\t\t\t\t<span class=\"elementor-icon-list-text\">Lorem ipsum dolor sit amet, consectetur adipiscing elit,<\/span>\n\t\t\t\t\t\t\t\t\t<\/li>\n\t\t\t\t\t\t\t\t<li class=\"elementor-icon-list-item\">\n\t\t\t\t\t\t\t\t\t\t\t<span class=\"elementor-icon-list-icon\">\n\t\t\t\t\t\t\t<svg xmlns=\"http:\/\/www.w3.org\/2000\/svg\" width=\"63.889\" height=\"8.479\" viewbox=\"0 0 63.889 8.479\"><path id=\"Path_916\" data-name=\"Path 916\" d=\"M428.52,3704.35a.492.492,0,0,0,0-.7l-3.182-3.19a.51.51,0,0,0-.707,0,.5.5,0,0,0,0,.71l2.829,2.83-2.829,2.83a.5.5,0,0,0,0,.71.51.51,0,0,0,.707,0Zm-62.743-.35,62.39.5v-1l-62.39-.5Z\" transform=\"translate(-365.277 -3699.761)\" fill=\"#0083df\" stroke=\"#0083df\" stroke-width=\"1\"><\/path><\/svg>\t\t\t\t\t\t<\/span>\n\t\t\t\t\t\t\t\t\t\t<span class=\"elementor-icon-list-text\">Lorem ipsum dolor sit amet, consectetur adipiscing elit,<\/span>\n\t\t\t\t\t\t\t\t\t<\/li>\n\t\t\t\t\t\t\t\t<li class=\"elementor-icon-list-item\">\n\t\t\t\t\t\t\t\t\t\t\t<span class=\"elementor-icon-list-icon\">\n\t\t\t\t\t\t\t<svg xmlns=\"http:\/\/www.w3.org\/2000\/svg\" width=\"63.889\" height=\"8.479\" viewbox=\"0 0 63.889 8.479\"><path id=\"Path_916\" data-name=\"Path 916\" d=\"M428.52,3704.35a.492.492,0,0,0,0-.7l-3.182-3.19a.51.51,0,0,0-.707,0,.5.5,0,0,0,0,.71l2.829,2.83-2.829,2.83a.5.5,0,0,0,0,.71.51.51,0,0,0,.707,0Zm-62.743-.35,62.39.5v-1l-62.39-.5Z\" transform=\"translate(-365.277 -3699.761)\" fill=\"#0083df\" stroke=\"#0083df\" stroke-width=\"1\"><\/path><\/svg>\t\t\t\t\t\t<\/span>\n\t\t\t\t\t\t\t\t\t\t<span class=\"elementor-icon-list-text\">Lorem ipsum dolor sit amet, consectetur adipiscing elit,<\/span>\n\t\t\t\t\t\t\t\t\t<\/li>\n\t\t\t\t\t\t\t\t<li class=\"elementor-icon-list-item\">\n\t\t\t\t\t\t\t\t\t\t\t<span class=\"elementor-icon-list-icon\">\n\t\t\t\t\t\t\t<svg xmlns=\"http:\/\/www.w3.org\/2000\/svg\" width=\"63.889\" height=\"8.479\" viewbox=\"0 0 63.889 8.479\"><path id=\"Path_916\" data-name=\"Path 916\" d=\"M428.52,3704.35a.492.492,0,0,0,0-.7l-3.182-3.19a.51.51,0,0,0-.707,0,.5.5,0,0,0,0,.71l2.829,2.83-2.829,2.83a.5.5,0,0,0,0,.71.51.51,0,0,0,.707,0Zm-62.743-.35,62.39.5v-1l-62.39-.5Z\" transform=\"translate(-365.277 -3699.761)\" fill=\"#0083df\" stroke=\"#0083df\" stroke-width=\"1\"><\/path><\/svg>\t\t\t\t\t\t<\/span>\n\t\t\t\t\t\t\t\t\t\t<span class=\"elementor-icon-list-text\">Lorem ipsum dolor sit amet, consectetur adipiscing elit,<\/span>\n\t\t\t\t\t\t\t\t\t<\/li>\n\t\t\t\t\t\t\t\t<li class=\"elementor-icon-list-item\">\n\t\t\t\t\t\t\t\t\t\t\t<span class=\"elementor-icon-list-icon\">\n\t\t\t\t\t\t\t<svg xmlns=\"http:\/\/www.w3.org\/2000\/svg\" width=\"63.889\" height=\"8.479\" viewbox=\"0 0 63.889 8.479\"><path id=\"Path_916\" data-name=\"Path 916\" d=\"M428.52,3704.35a.492.492,0,0,0,0-.7l-3.182-3.19a.51.51,0,0,0-.707,0,.5.5,0,0,0,0,.71l2.829,2.83-2.829,2.83a.5.5,0,0,0,0,.71.51.51,0,0,0,.707,0Zm-62.743-.35,62.39.5v-1l-62.39-.5Z\" transform=\"translate(-365.277 -3699.761)\" fill=\"#0083df\" stroke=\"#0083df\" stroke-width=\"1\"><\/path><\/svg>\t\t\t\t\t\t<\/span>\n\t\t\t\t\t\t\t\t\t\t<span class=\"elementor-icon-list-text\">Lorem ipsum dolor sit amet, consectetur adipiscing elit,<\/span>\n\t\t\t\t\t\t\t\t\t<\/li>\n\t\t\t\t\t\t<\/ul>\n\t\t\t\t\t\t<\/div>\n\t\t\t\t<\/div>\n\t\t\t\t<\/div>\n\t\t\t\t\t<\/div>\n\t\t\t\t<\/div>\n\t\t\t\t\t<\/div>\n\t\t\t\t<\/div>\n\t\t\t\t<\/div>\n\t\t\t\t<\/div>\n\t\t\t\t\t\t<\/div>\n\t\t\t\t<\/div>\n\t\t\t\t<\/div>\n\t\t\t\t<\/div>","protected":false},"excerpt":{"rendered":"<p>Tupakat Etusivu Tupakkatuotteet Tupakkatuotteella tarkoitetaan tupakkalain (549\/2016) 2 \u00a7:n 1 kohdassa tarkoitettua tupakkatuotetta. Tuottajavastuu koskee myyntitavasta riippumatta kertak\u00e4ytt\u00f6isiin muovituotteisiin kuuluvia suodattimellisia tupakkatuotteita ja tupakansuodattimia, joiden tuottajana pidet\u00e4\u00e4n tuotteen valmistajaa tai maahantuojaa. Tuottajan kustannusvastuuta sovelletaan tuottajaan 1 p\u00e4iv\u00e4st\u00e4 tammikuuta 2023. Kertak\u00e4ytt\u00f6isiin muovituotteisiin kuuluvien suodattimellisten tupakkatuotteiden ja tupakansuodattimien tuottajan on vastattava kustannuksista, jotka kunnalle koituvat: 1) kyseisist\u00e4 [&hellip;]<\/p>\n","protected":false},"author":4,"featured_media":0,"parent":1442,"menu_order":0,"comment_status":"closed","ping_status":"closed","template":"","meta":{"iawp_total_views":61,"footnotes":""},"class_list":["post-2556","page","type-page","status-publish","hentry"],"_links":{"self":[{"href":"https:\/\/suptuottajat.fi\/en\/wp-json\/wp\/v2\/pages\/2556","targetHints":{"allow":["GET"]}}],"collection":[{"href":"https:\/\/suptuottajat.fi\/en\/wp-json\/wp\/v2\/pages"}],"about":[{"href":"https:\/\/suptuottajat.fi\/en\/wp-json\/wp\/v2\/types\/page"}],"author":[{"embeddable":true,"href":"https:\/\/suptuottajat.fi\/en\/wp-json\/wp\/v2\/users\/4"}],"replies":[{"embeddable":true,"href":"https:\/\/suptuottajat.fi\/en\/wp-json\/wp\/v2\/comments?post=2556"}],"version-history":[{"count":0,"href":"https:\/\/suptuottajat.fi\/en\/wp-json\/wp\/v2\/pages\/2556\/revisions"}],"up":[{"embeddable":true,"href":"https:\/\/suptuottajat.fi\/en\/wp-json\/wp\/v2\/pages\/1442"}],"wp:attachment":[{"href":"https:\/\/suptuottajat.fi\/en\/wp-json\/wp\/v2\/media?parent=2556"}],"curies":[{"name":"wp","href":"https:\/\/api.w.org\/{rel}","templated":true}]}}