{"id":4074,"date":"2023-12-05T14:15:07","date_gmt":"2023-12-05T12:15:07","guid":{"rendered":"https:\/\/suptuottajat.fi\/?page_id=4074"},"modified":"2023-12-06T15:09:19","modified_gmt":"2023-12-06T13:09:19","slug":"elementor-4074","status":"publish","type":"page","link":"https:\/\/suptuottajat.fi\/en\/elementor-4074\/","title":{"rendered":"Elementor #4074"},"content":{"rendered":"<div data-elementor-type=\"wp-page\" data-elementor-id=\"4074\" class=\"elementor elementor-4074\" data-elementor-post-type=\"page\">\n\t\t\t\t<div class=\"elementor-element elementor-element-078850e e-flex e-con-boxed e-con e-parent\" data-id=\"078850e\" data-element_type=\"container\" data-e-type=\"container\" data-settings=\"{&quot;jet_parallax_layout_list&quot;:[]}\">\n\t\t\t\t\t<div class=\"e-con-inner\">\n\t\t\t\t<div class=\"elementor-element elementor-element-331f385 elementor-widget elementor-widget-jet-tabs\" data-id=\"331f385\" data-element_type=\"widget\" data-e-type=\"widget\" data-settings=\"{&quot;tabs_position&quot;:&quot;left&quot;,&quot;no_active_tabs&quot;:&quot;false&quot;}\" data-widget_type=\"jet-tabs.default\">\n\t\t\t\t<div class=\"elementor-widget-container\">\n\t\t\t\t\t\n\t\t<div class=\"jet-tabs jet-tabs-position-left jet-tabs-move-up-effect\" data-settings=\"{&quot;activeIndex&quot;:0,&quot;event&quot;:&quot;click&quot;,&quot;autoSwitch&quot;:false,&quot;autoSwitchDelay&quot;:3000,&quot;ajaxTemplate&quot;:false,&quot;tabsPosition&quot;:&quot;left&quot;,&quot;switchScrolling&quot;:false,&quot;switchScrollingOffset&quot;:0}\">\n\t\t\t\t\t\t<div class=\"jet-tabs__control-wrapper\" role=\"tablist\">\n\n                                    <div id=\"jet-tabs-control-5361\" class=\"jet-tabs__control jet-tabs__control-icon-left elementor-menu-anchor active-tab\" data-tab=\"1\" tabindex=\"0\" role=\"tab\" aria-controls=\"jet-tabs-content-5361\" aria-expanded=\"true\" data-template-id=\"false\"><div class=\"jet-tabs__control-inner\"><div class=\"jet-tabs__label-icon jet-tabs-icon\"><i class=\"fas fa-arrow-circle-right\"><\/i><\/div><div class=\"jet-tabs__label-text\">Tab #1<\/div><\/div><\/div><div id=\"jet-tabs-control-5362\" class=\"jet-tabs__control jet-tabs__control-icon-left elementor-menu-anchor\" data-tab=\"2\" tabindex=\"0\" role=\"tab\" aria-controls=\"jet-tabs-content-5362\" aria-expanded=\"false\" data-template-id=\"false\"><div class=\"jet-tabs__control-inner\"><div class=\"jet-tabs__label-icon jet-tabs-icon\"><i class=\"fas fa-arrow-circle-right\"><\/i><\/div><div class=\"jet-tabs__label-text\">Tab #2<\/div><\/div><\/div><div id=\"jet-tabs-control-5363\" class=\"jet-tabs__control jet-tabs__control-icon-left elementor-menu-anchor\" data-tab=\"3\" tabindex=\"0\" role=\"tab\" aria-controls=\"jet-tabs-content-5363\" aria-expanded=\"false\" data-template-id=\"false\"><div class=\"jet-tabs__control-inner\"><div class=\"jet-tabs__label-icon jet-tabs-icon\"><i class=\"fas fa-arrow-circle-right\"><\/i><\/div><div class=\"jet-tabs__label-text\">Tab #3<\/div><\/div><\/div>\n                    \t\t\t    <\/div>\n\t\t\t<div class=\"jet-tabs__content-wrapper\">\n\t\t\t\t<div id=\"jet-tabs-content-5361\" class=\"jet-tabs__content active-content\" data-tab=\"1\" role=\"tabpanel\" aria-hidden=\"false\" data-template-id=\"false\"><h2><strong>Fee due to late reporting<\/strong><\/h2><p>The late reporting fee is an annually determined and currently applicable fee set by the producer community, which the producer is obliged to pay according to the contractual terms if they report the information about the products they have placed on the market later than agreed upon. The management board of the producer community decides the currently applicable late reporting fees and payment terms. The fees can be viewed on the producer community's website once they have been decided. VAT is added to the fees in accordance with the currently applicable regulations.<\/p><h2><strong>Registration fee<\/strong><\/h2><p>The registration fee is an annually approved and currently applicable fee set by the producer community, which the producer is obligated to pay according to the contractual terms when joining the system. The registration fee is charged from those producers who are not already parties to an existing producer responsibility transfer agreement. The registration fee is a fee determined by the management board of the producer community. The fees can be viewed on the producer community's website once they have been decided. The registration fee is a one-time payment. VAT is added to the fee in accordance with the currently applicable regulations.<\/p><h2><strong>SUP fee<\/strong><\/h2><p>The SUP fee is an annually determined and currently applicable fee set by the producer community, which the producer introducing SUP products to the market is obligated to pay according to the contractual terms. The producer's payment is based on the quantity of SUP products brought to the market by the producer (EUR\/ton) for a full calendar year (irrespective of the effective date of the agreement).<br \/>VAT is added to the fees in accordance with the currently applicable regulations.\u00a0<\/p><p><strong>\u00a0<\/strong><\/p><h4><strong>Why is the SUP fee paid?<\/strong><\/h4><p>The costs incurred in fulfilling producer responsibility according to waste legislation are covered by the producer responsibility fees paid by producers.<\/p><p>The waste legislation that came into effect on January 1, 2023, imposes additional obligations on producers, particularly those related to SUP producers.<\/p><p>The most significant cost impact comes from the fact that producers will bear the cost responsibility for waste management and cleaning activities related to SUP products implemented by municipalities.<\/p><p>In addition, producers are required to cover the costs of a littering survey conducted every three years and the implementation of consumer education relating to litter prevention.<\/p><p>The costs arising from these new responsibilities are covered by the SUP fees billed to producers.<\/p><\/div><div id=\"jet-tabs-content-5362\" class=\"jet-tabs__content\" data-tab=\"2\" role=\"tabpanel\" aria-hidden=\"true\" data-template-id=\"false\"><h2><strong>Fee due to late reporting<\/strong><\/h2><p>The late reporting fee is an annually determined and currently applicable fee set by the producer community, which the producer is obliged to pay according to the contractual terms if they report the information about the products they have placed on the market later than agreed upon. The management board of the producer community decides the currently applicable late reporting fees and payment terms. The fees can be viewed on the producer community's website once they have been decided. VAT is added to the fees in accordance with the currently applicable regulations.<\/p><h2><strong>Registration fee<\/strong><\/h2><p>The registration fee is an annually approved and currently applicable fee set by the producer community, which the producer is obligated to pay according to the contractual terms when joining the system. The registration fee is charged from those producers who are not already parties to an existing producer responsibility transfer agreement. The registration fee is a fee determined by the management board of the producer community. The fees can be viewed on the producer community's website once they have been decided. The registration fee is a one-time payment. VAT is added to the fee in accordance with the currently applicable regulations.<\/p><h2><strong>SUP fee<\/strong><\/h2><p>The SUP fee is an annually determined and currently applicable fee set by the producer community, which the producer introducing SUP products to the market is obligated to pay according to the contractual terms. The producer's payment is based on the quantity of SUP products brought to the market by the producer (EUR\/ton) for a full calendar year (irrespective of the effective date of the agreement).<br \/>VAT is added to the fees in accordance with the currently applicable regulations.\u00a0<\/p><p><strong>\u00a0<\/strong><\/p><h4><strong>Why is the SUP fee paid?<\/strong><\/h4><p>The costs incurred in fulfilling producer responsibility according to waste legislation are covered by the producer responsibility fees paid by producers.<\/p><p>The waste legislation that came into effect on January 1, 2023, imposes additional obligations on producers, particularly those related to SUP producers.<\/p><p>The most significant cost impact comes from the fact that producers will bear the cost responsibility for waste management and cleaning activities related to SUP products implemented by municipalities.<\/p><p>In addition, producers are required to cover the costs of a littering survey conducted every three years and the implementation of consumer education relating to litter prevention.<\/p><p>The costs arising from these new responsibilities are covered by the SUP fees billed to producers.<\/p><h2><strong>Fee due to late reporting<\/strong><\/h2><p>The late reporting fee is an annually determined and currently applicable fee set by the producer community, which the producer is obliged to pay according to the contractual terms if they report the information about the products they have placed on the market later than agreed upon. The management board of the producer community decides the currently applicable late reporting fees and payment terms. The fees can be viewed on the producer community's website once they have been decided. VAT is added to the fees in accordance with the currently applicable regulations.<\/p><h2><strong>Registration fee<\/strong><\/h2><p>The registration fee is an annually approved and currently applicable fee set by the producer community, which the producer is obligated to pay according to the contractual terms when joining the system. The registration fee is charged from those producers who are not already parties to an existing producer responsibility transfer agreement. The registration fee is a fee determined by the management board of the producer community. The fees can be viewed on the producer community's website once they have been decided. The registration fee is a one-time payment. VAT is added to the fee in accordance with the currently applicable regulations.<\/p><h2><strong>SUP fee<\/strong><\/h2><p>The SUP fee is an annually determined and currently applicable fee set by the producer community, which the producer introducing SUP products to the market is obligated to pay according to the contractual terms. The producer's payment is based on the quantity of SUP products brought to the market by the producer (EUR\/ton) for a full calendar year (irrespective of the effective date of the agreement).<br \/>VAT is added to the fees in accordance with the currently applicable regulations.\u00a0<\/p><p><strong>\u00a0<\/strong><\/p><h4><strong>Why is the SUP fee paid?<\/strong><\/h4><p>The costs incurred in fulfilling producer responsibility according to waste legislation are covered by the producer responsibility fees paid by producers.<\/p><p>The waste legislation that came into effect on January 1, 2023, imposes additional obligations on producers, particularly those related to SUP producers.<\/p><p>The most significant cost impact comes from the fact that producers will bear the cost responsibility for waste management and cleaning activities related to SUP products implemented by municipalities.<\/p><p>In addition, producers are required to cover the costs of a littering survey conducted every three years and the implementation of consumer education relating to litter prevention.<\/p><p>The costs arising from these new responsibilities are covered by the SUP fees billed to producers.<\/p><h2><strong>Fee due to late reporting<\/strong><\/h2><p>The late reporting fee is an annually determined and currently applicable fee set by the producer community, which the producer is obliged to pay according to the contractual terms if they report the information about the products they have placed on the market later than agreed upon. The management board of the producer community decides the currently applicable late reporting fees and payment terms. The fees can be viewed on the producer community's website once they have been decided. VAT is added to the fees in accordance with the currently applicable regulations.<\/p><h2><strong>Registration fee<\/strong><\/h2><p>The registration fee is an annually approved and currently applicable fee set by the producer community, which the producer is obligated to pay according to the contractual terms when joining the system. The registration fee is charged from those producers who are not already parties to an existing producer responsibility transfer agreement. The registration fee is a fee determined by the management board of the producer community. The fees can be viewed on the producer community's website once they have been decided. The registration fee is a one-time payment. VAT is added to the fee in accordance with the currently applicable regulations.<\/p><h2><strong>SUP fee<\/strong><\/h2><p>The SUP fee is an annually determined and currently applicable fee set by the producer community, which the producer introducing SUP products to the market is obligated to pay according to the contractual terms. The producer's payment is based on the quantity of SUP products brought to the market by the producer (EUR\/ton) for a full calendar year (irrespective of the effective date of the agreement).<br \/>VAT is added to the fees in accordance with the currently applicable regulations.\u00a0<\/p><p><strong>\u00a0<\/strong><\/p><h4><strong>Why is the SUP fee paid?<\/strong><\/h4><p>The costs incurred in fulfilling producer responsibility according to waste legislation are covered by the producer responsibility fees paid by producers.<\/p><p>The waste legislation that came into effect on January 1, 2023, imposes additional obligations on producers, particularly those related to SUP producers.<\/p><p>The most significant cost impact comes from the fact that producers will bear the cost responsibility for waste management and cleaning activities related to SUP products implemented by municipalities.<\/p><p>In addition, producers are required to cover the costs of a littering survey conducted every three years and the implementation of consumer education relating to litter prevention.<\/p><p>The costs arising from these new responsibilities are covered by the SUP fees billed to producers.<\/p><h2><strong>Fee due to late reporting<\/strong><\/h2><p>The late reporting fee is an annually determined and currently applicable fee set by the producer community, which the producer is obliged to pay according to the contractual terms if they report the information about the products they have placed on the market later than agreed upon. The management board of the producer community decides the currently applicable late reporting fees and payment terms. The fees can be viewed on the producer community's website once they have been decided. VAT is added to the fees in accordance with the currently applicable regulations.<\/p><h2><strong>Registration fee<\/strong><\/h2><p>The registration fee is an annually approved and currently applicable fee set by the producer community, which the producer is obligated to pay according to the contractual terms when joining the system. The registration fee is charged from those producers who are not already parties to an existing producer responsibility transfer agreement. The registration fee is a fee determined by the management board of the producer community. The fees can be viewed on the producer community's website once they have been decided. The registration fee is a one-time payment. VAT is added to the fee in accordance with the currently applicable regulations.<\/p><h2><strong>SUP fee<\/strong><\/h2><p>The SUP fee is an annually determined and currently applicable fee set by the producer community, which the producer introducing SUP products to the market is obligated to pay according to the contractual terms. The producer's payment is based on the quantity of SUP products brought to the market by the producer (EUR\/ton) for a full calendar year (irrespective of the effective date of the agreement).<br \/>VAT is added to the fees in accordance with the currently applicable regulations.\u00a0<\/p><p><strong>\u00a0<\/strong><\/p><h4><strong>Why is the SUP fee paid?<\/strong><\/h4><p>The costs incurred in fulfilling producer responsibility according to waste legislation are covered by the producer responsibility fees paid by producers.<\/p><p>The waste legislation that came into effect on January 1, 2023, imposes additional obligations on producers, particularly those related to SUP producers.<\/p><p>The most significant cost impact comes from the fact that producers will bear the cost responsibility for waste management and cleaning activities related to SUP products implemented by municipalities.<\/p><p>In addition, producers are required to cover the costs of a littering survey conducted every three years and the implementation of consumer education relating to litter prevention.<\/p><p>The costs arising from these new responsibilities are covered by the SUP fees billed to producers.<\/p><\/div><div id=\"jet-tabs-content-5363\" class=\"jet-tabs__content\" data-tab=\"3\" role=\"tabpanel\" aria-hidden=\"true\" data-template-id=\"false\"><h2><strong>Fee due to late reporting<\/strong><\/h2><p>The late reporting fee is an annually determined and currently applicable fee set by the producer community, which the producer is obliged to pay according to the contractual terms if they report the information about the products they have placed on the market later than agreed upon. The management board of the producer community decides the currently applicable late reporting fees and payment terms. The fees can be viewed on the producer community's website once they have been decided. VAT is added to the fees in accordance with the currently applicable regulations.<\/p><h2><strong>Registration fee<\/strong><\/h2><p>The registration fee is an annually approved and currently applicable fee set by the producer community, which the producer is obligated to pay according to the contractual terms when joining the system. The registration fee is charged from those producers who are not already parties to an existing producer responsibility transfer agreement. The registration fee is a fee determined by the management board of the producer community. The fees can be viewed on the producer community's website once they have been decided. The registration fee is a one-time payment. VAT is added to the fee in accordance with the currently applicable regulations.<\/p><h2><strong>SUP fee<\/strong><\/h2><p>The SUP fee is an annually determined and currently applicable fee set by the producer community, which the producer introducing SUP products to the market is obligated to pay according to the contractual terms. The producer's payment is based on the quantity of SUP products brought to the market by the producer (EUR\/ton) for a full calendar year (irrespective of the effective date of the agreement).<br \/>VAT is added to the fees in accordance with the currently applicable regulations.\u00a0<\/p><p><strong>\u00a0<\/strong><\/p><h4><strong>Why is the SUP fee paid?<\/strong><\/h4><p>The costs incurred in fulfilling producer responsibility according to waste legislation are covered by the producer responsibility fees paid by producers.<\/p><p>The waste legislation that came into effect on January 1, 2023, imposes additional obligations on producers, particularly those related to SUP producers.<\/p><p>The most significant cost impact comes from the fact that producers will bear the cost responsibility for waste management and cleaning activities related to SUP products implemented by municipalities.<\/p><p>In addition, producers are required to cover the costs of a littering survey conducted every three years and the implementation of consumer education relating to litter prevention.<\/p><p>The costs arising from these new responsibilities are covered by the SUP fees billed to producers.<\/p><\/div>\t\t\t<\/div>\n\t\t\t\t\t<\/div>\n\t\t\t\t\t\t<\/div>\n\t\t\t\t<\/div>\n\t\t\t\t\t<\/div>\n\t\t\t\t<\/div>\n\t\t<div class=\"elementor-element elementor-element-e47c480 e-flex e-con-boxed e-con e-parent\" data-id=\"e47c480\" data-element_type=\"container\" data-e-type=\"container\" data-settings=\"{&quot;jet_parallax_layout_list&quot;:[]}\">\n\t\t\t\t\t<div class=\"e-con-inner\">\n\t\t\t\t<div class=\"elementor-element elementor-element-d23a497 elementor-widget elementor-widget-heading\" data-id=\"d23a497\" data-element_type=\"widget\" data-e-type=\"widget\" data-widget_type=\"heading.default\">\n\t\t\t\t<div class=\"elementor-widget-container\">\n\t\t\t\t\t<h2 class=\"elementor-heading-title elementor-size-default\">Lis\u00e4\u00e4 otsikkotekstisi t\u00e4h\u00e4n<\/h2>\t\t\t\t<\/div>\n\t\t\t\t<\/div>\n\t\t\t\t\t<\/div>\n\t\t\t\t<\/div>\n\t\t\t\t<\/div>","protected":false},"excerpt":{"rendered":"<p>Tab #1Tab #2Tab #3 Raportoinnin my\u00f6h\u00e4stymismaksu Raportoinnin my\u00f6h\u00e4stymismaksu tarkoittaa tuottajayhteis\u00f6n vuosittain p\u00e4\u00e4tt\u00e4m\u00e4\u00e4 ja kulloinkin voimassa olevaa maksua, jonka tuottaja on velvollinen maksamaan sopimusehtojen mukaisesti, jos se raportoi markkinoille saattamiensa tuotteiden tiedot my\u00f6hemmin kuin niist\u00e4 on sovittu. Kulloinkin voimassa olevat raportoinnin my\u00f6h\u00e4stymismaksut ja maksuehdot p\u00e4\u00e4tt\u00e4\u00e4 tuottajayhteis\u00f6n hallitus. Maksut ovat n\u00e4ht\u00e4viss\u00e4 tuottajayhteis\u00f6n www-sivuilla, kun niist\u00e4 on p\u00e4\u00e4tetty. [&hellip;]<\/p>\n","protected":false},"author":4,"featured_media":0,"parent":0,"menu_order":0,"comment_status":"closed","ping_status":"closed","template":"","meta":{"iawp_total_views":7,"footnotes":""},"class_list":["post-4074","page","type-page","status-publish","hentry"],"_links":{"self":[{"href":"https:\/\/suptuottajat.fi\/en\/wp-json\/wp\/v2\/pages\/4074","targetHints":{"allow":["GET"]}}],"collection":[{"href":"https:\/\/suptuottajat.fi\/en\/wp-json\/wp\/v2\/pages"}],"about":[{"href":"https:\/\/suptuottajat.fi\/en\/wp-json\/wp\/v2\/types\/page"}],"author":[{"embeddable":true,"href":"https:\/\/suptuottajat.fi\/en\/wp-json\/wp\/v2\/users\/4"}],"replies":[{"embeddable":true,"href":"https:\/\/suptuottajat.fi\/en\/wp-json\/wp\/v2\/comments?post=4074"}],"version-history":[{"count":0,"href":"https:\/\/suptuottajat.fi\/en\/wp-json\/wp\/v2\/pages\/4074\/revisions"}],"wp:attachment":[{"href":"https:\/\/suptuottajat.fi\/en\/wp-json\/wp\/v2\/media?parent=4074"}],"curies":[{"name":"wp","href":"https:\/\/api.w.org\/{rel}","templated":true}]}}